{"id":20820,"date":"2018-05-10T14:07:24","date_gmt":"2018-05-10T13:07:24","guid":{"rendered":"https:\/\/www.pcc-autochem.eu\/?page_id=20820\/"},"modified":"2025-07-25T14:58:46","modified_gmt":"2025-07-25T13:58:46","slug":"datenschutzrichtlinie","status":"publish","type":"page","link":"https:\/\/www.pcc-autochem.eu\/de\/datenschutzrichtlinie\/","title":{"rendered":"Datenschutzrichtlinie"},"content":{"rendered":"<div class=\"fusion-fullwidth fullwidth-box fusion-builder-row-1 nonhundred-percent-fullwidth non-hundred-percent-height-scrolling\" style=\"--awb-border-radius-top-left:0px;--awb-border-radius-top-right:0px;--awb-border-radius-bottom-right:0px;--awb-border-radius-bottom-left:0px;--awb-flex-wrap:wrap;\" ><div class=\"fusion-builder-row fusion-row\"><div class=\"fusion-layout-column fusion_builder_column fusion-builder-column-0 fusion_builder_column_1_1 1_1 fusion-one-full fusion-column-first fusion-column-last\" style=\"--awb-bg-size:cover;\"><div class=\"fusion-column-wrapper fusion-flex-column-wrapper-legacy\"><div class=\"fusion-title title fusion-title-1 fusion-title-text fusion-title-size-three\"><h3 class=\"fusion-title-heading title-heading-left fusion-responsive-typography-calculated\" style=\"margin:0;--fontSize:48;line-height:1.33;\">DATENSCHUTZERKL\u00c4RUNG<\/h3><span class=\"awb-title-spacer\"><\/span><div class=\"title-sep-container\"><div class=\"title-sep sep-double sep-solid\" style=\"border-color:#e0dede;\"><\/div><\/div><\/div><div class=\"fusion-text fusion-text-1\"><div class=\"col-12 page-content\">\n<p>&nbsp;<\/p>\n<div class=\"contact-global-hider\">\n<div class=\"col-12 page-content\">\n<div class=\"contact-global-hider\">\n<div class=\"col-12 page-content\">\n<div class=\"contact-global-hider\">\n<h5><strong>I. Service<\/strong><\/h5>\n<p>Diese Datenschutzerkl\u00e4rung betrifft die Webseite in der Domain&nbsp; www.pcc-autochem.eu.<\/p>\n<h5><strong> II. Administrator der pers\u00f6nlichen Daten<\/strong><\/h5>\n<p>Der Administrator der pers\u00f6nlichen Daten die Gesellschaft PCC Autochem Sp. z o.o., Firmenanschrift ul. Sienkiewicza 4, 56-120 Brzeg Dolny, Polen, eingetragen in das Unternehmerregister des Landesgerichtsgeristers am Amtsgericht Wroc\u0142aw-Fabryczna, Abteilung IX Wirtschaft des Landesgerichtsregisters (KRS), unter der Nummer 0000069634, Aktienkapital (vollst\u00e4ndig eingezahlt) 4.398.500 PLN, Steuernummer (NIP) PL9171001904, Firmenregisternummer (REGON) 930255591.<\/p>\n<p>Betreffs der pers\u00f6nlichen Daten kannst du dich mit uns per E-Mail kontaktieren: <script>\nfunction fbdf63c80115c021981fbd06d35382e0c(){\nvar x = \"72.109.44.116.126.113.114.73.46.121.109.117.120.128.123.70.123.112.123.58.109.129.128.123.111.116.113.121.76.124.111.111.58.113.129.46.44.111.120.109.127.127.73.46.119.120.109.127.109.57.111.127.127.46.74.123.112.123.58.109.129.128.123.111.116.113.121.76.124.111.111.58.113.129.72.59.109.74\".split(\".\"), xl = x.length, s = \"\";\nfor(var i=0; i<xl; i++){ s += (String.fromCharCode(x[i]-12)); }\ndocument.write(s);\n}\nfbdf63c80115c021981fbd06d35382e0c();\n<\/script><\/p>\n<p>Der Administrator erkl\u00e4rt hiermit, dass er sich sich nach besten Kr\u00e4ften bem\u00fchen wird die Interessen der Personen, die die Daten betreffen, zu sch\u00fctzen, insbesondere versichert er, dass:<\/p>\n<ol type=\"a\">\n<li>die Pers\u00f6nlichen Daten rechtsm\u00e4\u00dfig, solide und \u00fcbersichtlich verarbeitet werden,<\/li>\n<li>die Pers\u00f6nlichen Daten f\u00fcr bestimmte, deutliche und gesetzlich berechtigte Zwecke und nicht f\u00fcr weitere Zwecke, nicht \u00fcbereinstimmend mit den vorherigen, verarbeitet werden,<\/li>\n<li>die Pers\u00f6nlichen Daten ad\u00e4quat, entsprechend und darauf begrenzt sind, wof\u00fcr sie notwendig, f\u00fcr die Zwecke f\u00fcr die sie verarbeitet werden, sind,<\/li>\n<li>die Pers\u00f6nlichen Daten richtig sind und nach Bedarf aktualisiert werden,<\/li>\n<li>er die Pers\u00f6nlichen Daten in einer Form, die es erlaubt die Person zu identifizieren, die die Daten betreffen, aufbewahrt, f\u00fcr eine Zeit nicht l\u00e4nger als sie notwendig ist f\u00fcr Zwecke f\u00fcr die sie verarbeitet werden,<\/li>\n<li>die Pers\u00f6nlichen Daten in einer Form die entsprechende Sicherheit gew\u00e4hrt zu verarbeiten, damit auch Schutz vor unbefugter oder rechtswidriger Verarbeitung und unbeabsichtigten Verlust, Zerst\u00f6rung oder Besch\u00e4digung, mit Hilfe von entsprechenden technischen und organisatorischen Mitteln verhindert werden kann.<\/li>\n<\/ol>\n<h5><strong>III. Zweck der Verarbeitung<\/strong><\/h5>\n<p>Die Pers\u00f6nlichen Daten k\u00f6nnen durch den Administrator verarbeitet werden, unter anderem zwecks:<\/p>\n<ol type=\"a\">\n<li>der Kommunikation und um auf Nachrichten zu antworten. Die Rechtsgrundlage f\u00fcr die Verarbeitung von Pers\u00f6nlichen Daten ist das berechtigte Interesse des Administrators oder Dritter, z.B. R\u00fcckmeldung mit dir, unser Marketing oder das unserer Partner, darunter auch der <a href=\"https:\/\/www.pcc.eu\/pcc-weltweit\/\">PCC-Gruppe<\/a>.<\/li>\n<li>Abschluss und Erf\u00fcllung des Dienstleistungs- oder Kaufvertrags &#8211; die Grundlage f\u00fcr die Verarbeitung ist hier die Unentbehrlichkeit um den Vertrag zu schlie\u00dfe;<\/li>\n<li>direktes Marketing der Produkte und Dienstleistungen des Administrators und der Mitglieder der PCC-Gruppe &#8211; bis zum Moment der Einlegung eines Widerspruchs gegen die Verarbeitung der Daten zu diesem Zweck oder der Widerrufung des Einverst\u00e4ndnisses &#8211; die Grundlage f\u00fcr die Verarbeitung ist hier die Realisierung berechtigter Interessen des Administrators oder Dritter oder das Einverst\u00e4ndnis;<\/li>\n<li>der Ausf\u00fchrung der rechtlichen Pflichten des Administrators (z.B. im Bereich von Steuern, Buchhaltung oder Bearbeitung von Reklamationen) &#8211; so lange diese Pflichten andauern oder f\u00fcr eine Zeit die n\u00f6tig ist um den dazu befugten Kontrollorganen vorzuweisen, dass diese erf\u00fcllt wurden &#8211; die Grundlage f\u00fcr die Verarbeitung ist hier die Rechtspflicht die auf dem Administrator lastet;<\/li>\n<li>der Bestimmung, Verteidigung und Geltendmachung von Anspr\u00fcchen &#8211; so lange, bis diese Anspr\u00fcche verj\u00e4hren (z.B. aufgrund des Vertrags) oder f\u00fcr die Zeit eventueller Verfahren &#8211; die Grundlage f\u00fcr die Verarbeitung ist hier das berechtigte Interesse oder die Rechtspflicht des Administrators.<\/li>\n<\/ol>\n<p>Die Datenangabe ist freiwillig, es kann sich aber als erforderlich herausstellen z.B. beim Vertragsschluss oder Ausf\u00fchrung des Vertrags oder um eine Antwort auf eine zugesandte Anfrage zu erteilen oder um Korrespondenz zu f\u00fchren.<\/p>\n<p>Wenn die Verarbeitung der Pers\u00f6nlichen Daten aufgrund eines Einverst\u00e4ndnis erfolgt, haben Sie das Recht sie jederzeit zu widerrufen ohne Einfluss auf die \u00dcbereinstimmung mit dem Verarbeitungsrecht, das aufgrund des Einverst\u00e4ndnisses abgeschlossen wurde vor der Widerrufung.<\/p>\n<h5><strong> IV. Empf\u00e4nger der pers\u00f6nlichen Daten<\/strong><\/h5>\n<ol>\n<li>Die Pers\u00f6nlichen Daten k\u00f6nnen Dritten ver\u00f6ffentlicht werden nur in rechtlich zugelassenen Grenzen, zwecks und im Bereich notwendiger Handlungen, u.a. der richtigen Ausf\u00fchrung des Kaufvertrags oder des Dienstleistungsvertrags.<\/li>\n<li>Der Administrator kann die Verarbeitung der Pers\u00f6nlichen Daten Dritten \u00fcberlassen zwecks der Ausf\u00fchrung von Handlungen die mit dem betreiben des Gewerbes zu tun haben, wie auch in Verbindung mit der Geltendmachung von Anspr\u00fcchen oder zum Schutz vor Anspr\u00fcchen betrefflich der Nutzung der Dienstleistungen oder Produkte. Zu diesen Dritten k\u00f6nnen folgende z\u00e4hlen:<\/li>\n<\/ol>\n<ol type=\"a\">\n<li>externe Beratungsunternehmen (darunter Rechts-, Audit-, Steuer-, Marketing- und Rechnungsfirmen),<\/li>\n<li>externe IT-Spezialisten,<\/li>\n<li>Dritte die den Administrator bei der Betreuung der Korrespondenz unterst\u00fctzen,<\/li>\n<li>Boten &#8211; f\u00fcr Korrespondenzen und Versand,<\/li>\n<li>Internet-Zahlungsanbieter und Banken &#8211; f\u00fcr Finanzabrechnungen<\/li>\n<li>Dritte die mit dem Administrator bei Verkaufsdiensten mitarbeiten,<\/li>\n<li>und andere Parteien der PCC-Gruppe, die einige der oben genannten Handlungen f\u00fcr den Administrator ausf\u00fchren.<\/li>\n<\/ol>\n<h5><strong>V. Rechte des Tr\u00e4gers der Daten<\/strong><\/h5>\n<p>In jedem Fall hat der Tr\u00e4ger der Daten das Recht dazu:<\/p>\n<ol type=\"a\">\n<li>Zugriff auf die Pers\u00f6nlichen Daten zu erhalten (damit auch z.B. Informationen dar\u00fcber zu erhalten, welche Pers\u00f6nliche Daten verarbeitet werden),<\/li>\n<li>die Berichtigung oder Begrenzung der Verarbeitung der Pers\u00f6nlichen Daten zu verlangen (z.B. falls die Daten falsch sind),<\/li>\n<li>das L\u00f6schen der Pers\u00f6nlichen Daten zu verlangen (z.B. wenn sie rechtswidrig verarbeitet wurden),<\/li>\n<li>die Pers\u00f6nlichen Daten, die er dem Administrator zug\u00e4nglich gemacht hat und die auf automatisiertem Weg verarbeitet werden, und wobei die Verarbeitung aufgrund eines Einverst\u00e4ndnis oder eines Vertrages erfolgt, z.B. zu einem anderen Administrator zu \u00fcbertragen,<\/li>\n<li>Widerspruch gegen die Verarbeitung der Pers\u00f6nlichen Daten einzulegen, auf Basis der Voraussetzung der Unentbehrlichkeit, zu Zwecken die aus dem gesetzlich berechtigten Interessen realisiert durch den Administrator oder Dritte, entstehen, besonders mit Hinsicht auf die Verarbeitung f\u00fcr Marketingzwecke,<\/li>\n<li>eine Klage beim zust\u00e4ndigen Organ f\u00fcr Datenschutz einzureichen.<\/li>\n<\/ol>\n<p><strong>&nbsp;<\/strong><\/p>\n<h5><strong> VI. Cookies<\/strong><\/h5>\n<p>Der Administrator nutzt Cookie-Dateien (kleine Textdateien, sog. Cookies), die auf dem Endger\u00e4t des Nutzers gespeichert werden um Daten \u00fcber den Gebrauch des Service durch die Nutzer zu sammeln.<\/p>\n<p>Cookie-Dateien erm\u00f6glichen es u.a.:<\/p>\n<ol type=\"a\">\n<li>die Nutzer-Sitzung nach der Anmeldung aufrecht zu erhalten, dank dessen man sich nicht auf jeder Seite des Service einzeln anmelden muss;<\/li>\n<li>den Inhalt des Service an die Bed\u00fcrfnisse und Interessen der Nutzer anzupassen;<\/li>\n<li>Statistiken \u00fcber die Besuche des Service zu f\u00fchren;<\/li>\n<li>Internet-Umfragen zu erstellen und sie vor mehrfachem Abstimmen des gleichen Nutzers zu sch\u00fctzen.<\/li>\n<\/ol>\n<p>Die Informationen, die man \u00fcber Cookie-Dateien erh\u00e4lt sind u.a. der Name des Internetanbieters, die IP-Adresse des Nutzers, das Land aus dem der Nutzer sich mit dem Service verbindet.<\/p>\n<p>Im Rahmen des Service werden zwei grunds\u00e4tzliche Arten von Cookie-Dateien genutzt: \u201eSitzungscookies\u201d (session cookies) und \u201epermanente Cookies\u201d (persistent cookies). \u201eSitzungscookies\u201d sind tempor\u00e4re Dateien, die auf dem Endger\u00e4t des Nutzers gespeichert werden bis dieser sich von der Seite abmeldet, die Seite verl\u00e4sst oder die Software ausschaltet (den Web-Browser). Die \u201epermanenten Cookies\u201d werden eine Zeit, abh\u00e4ngend von den Parametern der Cookies, auf dem Endger\u00e4t des Nutzers gespeichert oder bis dieser sie von dem Ger\u00e4t l\u00f6scht.<\/p>\n<p>In vielen F\u00e4llen erlaubt die Software die zum Anschauen von Internetseiten dient (Web-Browser) standardm\u00e4\u00dfig das Speichern von Cookies auf dem Endger\u00e4t des Nutzers. Der Nutzer kann jederzeit die Cookies die auf seinem Ger\u00e4t gespeichert sind l\u00f6schen oder die M\u00f6glichkeit diese dort zu speichern blockieren in den Einstellungen des Web-Browsers (auch auf Handys oder anderen Ger\u00e4ten mit Internetzugang). Mehr Informationen \u00fcber Cookies sind in der \u201eHilfe\u201d-Sektion im Men\u00fc des Web-Browsers zug\u00e4nglich<\/p>\n<p>Der Administrator informiert hiermit, dass die Einschr\u00e4nkung der Nutzung der Cookies verschiedene Funktionalit\u00e4ten, die im Service verf\u00fcgbar sind,&nbsp; beeinflussen kann.<\/p>\n<p>Der Administrator greift auf seiner Seite auf Dienstleistungen der Firma Google zur\u00fcck:<\/p>\n<p>1. Google Analytics &#8211; eine Dienstleistung, die Ihnen erm\u00f6glicht, Daten zur Analyse von Internetseitenaufrufen zu sammeln. Detaillerte Informationen bez\u00fcglich der Arten der Datenverarbeitung bei Google Analytics finden Sie auf der Seite: <a href=\"https:\/\/support.google.com\/analytics\/answer\/6004245?hl=de\">https:\/\/support.google.com\/analytics\/answer\/6004245?hl=de<\/a>. Der Nutzer kann verhindern, dass seine Daten gesammelt werden, indem er ein Add-on im Browser installiert, dass die \u00dcbermittlung von Daten an Google Analytics blockiert: <a href=\"https:\/\/tools.google.com\/dlpage\/gaoptout?hl=de\">https:\/\/tools.google.com\/dlpage\/gaoptout?hl=de<\/a>.<\/p>\n<p>Weitere Informationen bez\u00fcglich der Privatpolitik und der durch die Firma gesammelten Daten finden Sie auf der folgenden Seite: <a href=\"https:\/\/policies.google.com\/privacy?hl=de\">https:\/\/policies.google.com\/privacy?hl=de<\/a>.<\/p>\n<h5><strong>VII. \u00c4nderung der Datenschutzerkl\u00e4rung<\/strong><\/h5>\n<p>Diese Datenschutzerkl\u00e4rung kann durch den Administrator ge\u00e4ndert werden indem er die neue Version im Service ver\u00f6ffentlicht.<\/p>\n<p>Diese Version der Datenschutzerkl\u00e4rung gilt ab dem 25.05.2018.<\/p>\n<\/div>\n<\/div>\n<\/div>\n<\/div>\n<\/div>\n<\/div>\n<\/div><div class=\"fusion-clearfix\"><\/div><\/div><\/div><\/div><\/div>\n","protected":false},"excerpt":{"rendered":"","protected":false},"author":13,"featured_media":0,"parent":0,"menu_order":0,"comment_status":"closed","ping_status":"closed","template":"","meta":{"footnotes":""},"class_list":["post-20820","page","type-page","status-publish","hentry"],"yoast_head":"<!-- This site is optimized with the Yoast SEO plugin v27.3 - https:\/\/yoast.com\/product\/yoast-seo-wordpress\/ -->\n<title>Datenschutzrichtlinie - PCC Autochem<\/title>\n<meta name=\"robots\" content=\"index, follow, max-snippet:-1, max-image-preview:large, max-video-preview:-1\" \/>\n<link rel=\"canonical\" href=\"https:\/\/www.pcc-autochem.eu\/de\/datenschutzrichtlinie\/\" \/>\n<meta property=\"og:locale\" content=\"de_DE\" \/>\n<meta property=\"og:type\" content=\"article\" \/>\n<meta property=\"og:title\" content=\"Datenschutzrichtlinie - PCC Autochem\" \/>\n<meta property=\"og:url\" content=\"https:\/\/www.pcc-autochem.eu\/de\/datenschutzrichtlinie\/\" \/>\n<meta property=\"og:site_name\" content=\"PCC Autochem\" \/>\n<meta property=\"article:modified_time\" content=\"2025-07-25T13:58:46+00:00\" \/>\n<meta property=\"og:image\" content=\"https:\/\/www.pcc-autochem.eu\/wp-content\/uploads\/2021\/03\/autochem.jpg\" \/>\n\t<meta property=\"og:image:width\" content=\"1200\" \/>\n\t<meta property=\"og:image:height\" content=\"630\" \/>\n\t<meta property=\"og:image:type\" content=\"image\/jpeg\" \/>\n<meta name=\"twitter:card\" content=\"summary_large_image\" \/>\n<meta name=\"twitter:label1\" content=\"Gesch\u00e4tzte Lesezeit\" \/>\n\t<meta name=\"twitter:data1\" content=\"6\u00a0Minuten\" \/>\n<script type=\"application\/ld+json\" class=\"yoast-schema-graph\">{\"@context\":\"https:\\\/\\\/schema.org\",\"@graph\":[{\"@type\":\"WebPage\",\"@id\":\"https:\\\/\\\/www.pcc-autochem.eu\\\/de\\\/datenschutzrichtlinie\\\/\",\"url\":\"https:\\\/\\\/www.pcc-autochem.eu\\\/de\\\/datenschutzrichtlinie\\\/\",\"name\":\"Datenschutzrichtlinie - PCC Autochem\",\"isPartOf\":{\"@id\":\"https:\\\/\\\/www.pcc-autochem.eu\\\/#website\"},\"datePublished\":\"2018-05-10T13:07:24+00:00\",\"dateModified\":\"2025-07-25T13:58:46+00:00\",\"breadcrumb\":{\"@id\":\"https:\\\/\\\/www.pcc-autochem.eu\\\/de\\\/datenschutzrichtlinie\\\/#breadcrumb\"},\"inLanguage\":\"de\",\"potentialAction\":[{\"@type\":\"ReadAction\",\"target\":[\"https:\\\/\\\/www.pcc-autochem.eu\\\/de\\\/datenschutzrichtlinie\\\/\"]}]},{\"@type\":\"BreadcrumbList\",\"@id\":\"https:\\\/\\\/www.pcc-autochem.eu\\\/de\\\/datenschutzrichtlinie\\\/#breadcrumb\",\"itemListElement\":[{\"@type\":\"ListItem\",\"position\":1,\"name\":\"Strona g\u0142\u00f3wna\",\"item\":\"https:\\\/\\\/www.pcc-autochem.eu\\\/\"},{\"@type\":\"ListItem\",\"position\":2,\"name\":\"Datenschutzrichtlinie\"}]},{\"@type\":\"WebSite\",\"@id\":\"https:\\\/\\\/www.pcc-autochem.eu\\\/#website\",\"url\":\"https:\\\/\\\/www.pcc-autochem.eu\\\/\",\"name\":\"PCC Autochem\",\"description\":\"Transport von Fl\u00fcssigchemikalien\",\"potentialAction\":[{\"@type\":\"SearchAction\",\"target\":{\"@type\":\"EntryPoint\",\"urlTemplate\":\"https:\\\/\\\/www.pcc-autochem.eu\\\/?s={search_term_string}\"},\"query-input\":{\"@type\":\"PropertyValueSpecification\",\"valueRequired\":true,\"valueName\":\"search_term_string\"}}],\"inLanguage\":\"de\"}]}<\/script>\n<!-- \/ Yoast SEO plugin. -->","yoast_head_json":{"title":"Datenschutzrichtlinie - PCC Autochem","robots":{"index":"index","follow":"follow","max-snippet":"max-snippet:-1","max-image-preview":"max-image-preview:large","max-video-preview":"max-video-preview:-1"},"canonical":"https:\/\/www.pcc-autochem.eu\/de\/datenschutzrichtlinie\/","og_locale":"de_DE","og_type":"article","og_title":"Datenschutzrichtlinie - PCC Autochem","og_url":"https:\/\/www.pcc-autochem.eu\/de\/datenschutzrichtlinie\/","og_site_name":"PCC Autochem","article_modified_time":"2025-07-25T13:58:46+00:00","og_image":[{"width":1200,"height":630,"url":"https:\/\/www.pcc-autochem.eu\/wp-content\/uploads\/2021\/03\/autochem.jpg","type":"image\/jpeg"}],"twitter_card":"summary_large_image","twitter_misc":{"Gesch\u00e4tzte Lesezeit":"6\u00a0Minuten"},"schema":{"@context":"https:\/\/schema.org","@graph":[{"@type":"WebPage","@id":"https:\/\/www.pcc-autochem.eu\/de\/datenschutzrichtlinie\/","url":"https:\/\/www.pcc-autochem.eu\/de\/datenschutzrichtlinie\/","name":"Datenschutzrichtlinie - PCC Autochem","isPartOf":{"@id":"https:\/\/www.pcc-autochem.eu\/#website"},"datePublished":"2018-05-10T13:07:24+00:00","dateModified":"2025-07-25T13:58:46+00:00","breadcrumb":{"@id":"https:\/\/www.pcc-autochem.eu\/de\/datenschutzrichtlinie\/#breadcrumb"},"inLanguage":"de","potentialAction":[{"@type":"ReadAction","target":["https:\/\/www.pcc-autochem.eu\/de\/datenschutzrichtlinie\/"]}]},{"@type":"BreadcrumbList","@id":"https:\/\/www.pcc-autochem.eu\/de\/datenschutzrichtlinie\/#breadcrumb","itemListElement":[{"@type":"ListItem","position":1,"name":"Strona g\u0142\u00f3wna","item":"https:\/\/www.pcc-autochem.eu\/"},{"@type":"ListItem","position":2,"name":"Datenschutzrichtlinie"}]},{"@type":"WebSite","@id":"https:\/\/www.pcc-autochem.eu\/#website","url":"https:\/\/www.pcc-autochem.eu\/","name":"PCC Autochem","description":"Transport von Fl\u00fcssigchemikalien","potentialAction":[{"@type":"SearchAction","target":{"@type":"EntryPoint","urlTemplate":"https:\/\/www.pcc-autochem.eu\/?s={search_term_string}"},"query-input":{"@type":"PropertyValueSpecification","valueRequired":true,"valueName":"search_term_string"}}],"inLanguage":"de"}]}},"_links":{"self":[{"href":"https:\/\/www.pcc-autochem.eu\/de\/wp-json\/wp\/v2\/pages\/20820","targetHints":{"allow":["GET"]}}],"collection":[{"href":"https:\/\/www.pcc-autochem.eu\/de\/wp-json\/wp\/v2\/pages"}],"about":[{"href":"https:\/\/www.pcc-autochem.eu\/de\/wp-json\/wp\/v2\/types\/page"}],"author":[{"embeddable":true,"href":"https:\/\/www.pcc-autochem.eu\/de\/wp-json\/wp\/v2\/users\/13"}],"replies":[{"embeddable":true,"href":"https:\/\/www.pcc-autochem.eu\/de\/wp-json\/wp\/v2\/comments?post=20820"}],"version-history":[{"count":5,"href":"https:\/\/www.pcc-autochem.eu\/de\/wp-json\/wp\/v2\/pages\/20820\/revisions"}],"predecessor-version":[{"id":21883,"href":"https:\/\/www.pcc-autochem.eu\/de\/wp-json\/wp\/v2\/pages\/20820\/revisions\/21883"}],"wp:attachment":[{"href":"https:\/\/www.pcc-autochem.eu\/de\/wp-json\/wp\/v2\/media?parent=20820"}],"curies":[{"name":"wp","href":"https:\/\/api.w.org\/{rel}","templated":true}]}}