{"id":20307,"date":"2017-01-12T15:02:44","date_gmt":"2017-01-12T14:02:44","guid":{"rendered":"http:\/\/pcc-autochem.eu\/?page_id=20307\/"},"modified":"2025-07-25T16:21:12","modified_gmt":"2025-07-25T15:21:12","slug":"technikverleih","status":"publish","type":"page","link":"https:\/\/www.pcc-autochem.eu\/de\/stellenangebote\/technikverleih\/","title":{"rendered":"Technikverleih"},"content":{"rendered":"<div class=\"fusion-fullwidth fullwidth-box fusion-builder-row-1 hundred-percent-fullwidth non-hundred-percent-height-scrolling\" style=\"--awb-border-radius-top-left:0px;--awb-border-radius-top-right:0px;--awb-border-radius-bottom-right:0px;--awb-border-radius-bottom-left:0px;--awb-overflow:visible;--awb-flex-wrap:wrap;\" ><div class=\"fusion-builder-row fusion-row\"><div class=\"fusion-layout-column fusion_builder_column fusion-builder-column-0 fusion_builder_column_1_1 1_1 fusion-one-full fusion-column-first fusion-column-last fusion-column-no-min-height\" style=\"--awb-bg-size:cover;--awb-margin-bottom:0px;\"><div class=\"fusion-column-wrapper fusion-flex-column-wrapper-legacy\"><div class=\"fusion-image-carousel fusion-image-carousel-auto fusion-image-carousel-1 lightbox-enabled fusion-carousel-border\"><div class=\"awb-carousel awb-swiper awb-swiper-carousel awb-carousel--carousel awb-swiper-dots-position-bottom\" data-layout=\"carousel\" data-autoplay=\"no\" data-autoplayspeed=\"2500\" data-autoplaypause=\"no\" data-loop=\"yes\" data-columns=\"4\" data-columnsmedium=\"1\" data-columnssmall=\"1\" data-itemmargin=\"10\" data-itemwidth=\"180\" data-touchscroll=\"no\" data-freemode=\"no\" data-imagesize=\"auto\" data-scrollitems=\"0\" data-centeredslides=\"no\" data-rotationangle=\"50\" data-depth=\"100\" data-speed=\"500\" data-shadow=\"no\" data-pagination=\"bullets\" style=\"--awb-columns:4;--awb-column-spacing:10px;--awb-border-width:1px;--awb-border-color:#e9eaee;\"><div class=\"swiper-wrapper awb-image-carousel-wrapper fusion-flex-align-items-center\"><div class=\"swiper-slide\"><div class=\"fusion-carousel-item-wrapper\"><div class=\"fusion-image-wrapper hover-type-none\"><a data-rel=\"iLightbox[image_carousel_1]\" data-title=\"sprzet-min-1\" aria-label=\"sprzet-min-1\" href=\"\/wp-content\/uploads\/2016\/12\/sprzet-8.jpg\" target=\"_self\"><img decoding=\"async\" width=\"245\" height=\"182\" src=\"https:\/\/www.pcc-autochem.eu\/wp-content\/uploads\/2017\/03\/sprzet-min-1.png\" class=\"attachment-full size-full\" alt=\"\" \/><\/a><\/div><\/div><\/div><div class=\"swiper-slide\"><div class=\"fusion-carousel-item-wrapper\"><div class=\"fusion-image-wrapper hover-type-none\"><a data-rel=\"iLightbox[image_carousel_1]\" data-title=\"sprzet-min-2\" aria-label=\"sprzet-min-2\" href=\"\/wp-content\/uploads\/2016\/12\/sprzet-5.jpg\" target=\"_self\"><img decoding=\"async\" width=\"243\" height=\"182\" src=\"https:\/\/www.pcc-autochem.eu\/wp-content\/uploads\/2017\/03\/sprzet-min-2.png\" class=\"attachment-full size-full\" alt=\"\" \/><\/a><\/div><\/div><\/div><div class=\"swiper-slide\"><div class=\"fusion-carousel-item-wrapper\"><div class=\"fusion-image-wrapper hover-type-none\"><a data-rel=\"iLightbox[image_carousel_1]\" data-title=\"sprzet-min-3\" aria-label=\"sprzet-min-3\" href=\"\/wp-content\/uploads\/2016\/12\/sprzet-7.jpg\" target=\"_self\"><img decoding=\"async\" width=\"243\" height=\"182\" src=\"https:\/\/www.pcc-autochem.eu\/wp-content\/uploads\/2017\/03\/sprzet-min-3.png\" class=\"attachment-full size-full\" alt=\"\" \/><\/a><\/div><\/div><\/div><div class=\"swiper-slide\"><div class=\"fusion-carousel-item-wrapper\"><div class=\"fusion-image-wrapper hover-type-none\"><a data-rel=\"iLightbox[image_carousel_1]\" data-title=\"sprzet-min-4\" aria-label=\"sprzet-min-4\" href=\"\/wp-content\/uploads\/2016\/12\/sprzet-3.jpg\" target=\"_self\"><img decoding=\"async\" width=\"243\" height=\"181\" src=\"https:\/\/www.pcc-autochem.eu\/wp-content\/uploads\/2017\/03\/sprzet-min-4.png\" class=\"attachment-full size-full\" alt=\"\" \/><\/a><\/div><\/div><\/div><\/div><div class=\"awb-swiper-button awb-swiper-button-prev\"><i class=\"awb-icon-angle-left\" aria-hidden=\"true\"><\/i><\/div><div class=\"awb-swiper-button awb-swiper-button-next\"><i class=\"awb-icon-angle-right\" aria-hidden=\"true\"><\/i><\/div><\/div><\/div><div class=\"fusion-sep-clear\"><\/div><div class=\"fusion-separator fusion-full-width-sep\" style=\"margin-left: auto;margin-right: auto;margin-top:-5px;margin-bottom:-5px;width:100%;\"><\/div><div class=\"fusion-sep-clear\"><\/div><div class=\"fusion-title title fusion-title-1 fusion-sep-none fusion-title-text fusion-title-size-two\" style=\"--awb-margin-top-small:0px;--awb-margin-right-small:0px;--awb-margin-bottom-small:20px;--awb-margin-left-small:0px;\"><h2 class=\"fusion-title-heading title-heading-left fusion-responsive-typography-calculated\" style=\"margin:0;--fontSize:64;line-height:1.25;\">Technikverleih<\/h2><\/div><div class=\"fusion-sep-clear\"><\/div><div class=\"fusion-separator fusion-full-width-sep\" style=\"margin-left: auto;margin-right: auto;margin-top:10px;margin-bottom:10px;width:100%;\"><\/div><div class=\"fusion-sep-clear\"><\/div><div class=\"fusion-text fusion-text-1\"><p>Gern bieten wir Ihnen Tankauflieger zum Transport von Fl\u00fcssigchemikalien, darunter ADR, zum Verleih an.<\/p>\n<\/div><div class=\"fusion-sep-clear\"><\/div><div class=\"fusion-separator fusion-full-width-sep\" style=\"margin-left: auto;margin-right: auto;margin-top:10px;margin-bottom:10px;width:100%;\"><\/div><div class=\"fusion-sep-clear\"><\/div><div class=\"fusion-clearfix\"><\/div><\/div><\/div><div class=\"fusion-layout-column fusion_builder_column fusion-builder-column-1 fusion_builder_column_1_2 1_2 fusion-one-half fusion-column-first\" style=\"--awb-bg-size:cover;width:50%;width:calc(50% - ( ( 4% ) * 0.5 ) );margin-right: 4%;\"><div class=\"fusion-column-wrapper fusion-flex-column-wrapper-legacy\"><ul style=\"--awb-size:13px;--awb-line-height:22.1px;--awb-icon-width:22.1px;--awb-icon-height:22.1px;--awb-icon-margin:9.1px;--awb-content-margin:31.2px;--awb-circlecolor:#ff6600;--awb-circle-yes-font-size:11.44px;\" class=\"fusion-checklist fusion-checklist-1 fusion-checklist-default type-icons\"><li class=\"fusion-li-item\" style=\"\"><span class=\"icon-wrapper circle-yes\"><i class=\"fusion-li-icon fa fa-check\" aria-hidden=\"true\"><\/i><\/span><div class=\"fusion-li-item-content\">\n<p>1- und 3-Kammer-Tankauflieger<\/p>\n<\/div><\/li><li class=\"fusion-li-item\" style=\"\"><span class=\"icon-wrapper circle-yes\"><i class=\"fusion-li-icon fa fa-check\" aria-hidden=\"true\"><\/i><\/span><div class=\"fusion-li-item-content\">\n<p>Fassungsverm\u00f6gen: 32.000 \u2013 37.000<\/p>\n<\/div><\/li><li class=\"fusion-li-item\" style=\"\"><span class=\"icon-wrapper circle-yes\"><i class=\"fusion-li-icon fa fa-check\" aria-hidden=\"true\"><\/i><\/span><div class=\"fusion-li-item-content\">\n<p>Gewicht: 7.200 \u2013 8.000 kg<\/p>\n<\/div><\/li><li class=\"fusion-li-item\" style=\"\"><span class=\"icon-wrapper circle-yes\"><i class=\"fusion-li-icon fa fa-check\" aria-hidden=\"true\"><\/i><\/span><div class=\"fusion-li-item-content\">\n<p>5 Mannl\u00f6cher<\/p>\n<\/div><\/li><li class=\"fusion-li-item\" style=\"\"><span class=\"icon-wrapper circle-yes\"><i class=\"fusion-li-icon fa fa-check\" aria-hidden=\"true\"><\/i><\/span><div class=\"fusion-li-item-content\">\n<p>Tankcodierung L4BH<\/p>\n<\/div><\/li><li class=\"fusion-li-item\" style=\"\"><span class=\"icon-wrapper circle-yes\"><i class=\"fusion-li-icon fa fa-check\" aria-hidden=\"true\"><\/i><\/span><div class=\"fusion-li-item-content\">\n<p>Betriebsdruck 2,66 bar<\/p>\n<\/div><\/li><li class=\"fusion-li-item\" style=\"\"><span class=\"icon-wrapper circle-yes\"><i class=\"fusion-li-icon fa fa-check\" aria-hidden=\"true\"><\/i><\/span><div class=\"fusion-li-item-content\">\n<p>Scheibenbremsen<\/p>\n<\/div><\/li><li class=\"fusion-li-item\" style=\"\"><span class=\"icon-wrapper circle-yes\"><i class=\"fusion-li-icon fa fa-check\" aria-hidden=\"true\"><\/i><\/span><div class=\"fusion-li-item-content\">\n<p>Armaturen, Mannl\u00f6cher und Ventile der Marken Fort Vale, Magyar und Perolo<\/p>\n<\/div><\/li><li class=\"fusion-li-item\" style=\"\"><span class=\"icon-wrapper circle-yes\"><i class=\"fusion-li-icon fa fa-check\" aria-hidden=\"true\"><\/i><\/span><div class=\"fusion-li-item-content\">\n<p>Entleerungsventil hinten am Fahrzeug in Kasten (bei Einkammer-Tankwagen)<\/p>\n<\/div><\/li><li class=\"fusion-li-item\" style=\"\"><span class=\"icon-wrapper circle-yes\"><i class=\"fusion-li-icon fa fa-check\" aria-hidden=\"true\"><\/i><\/span><div class=\"fusion-li-item-content\">\n<p>Alufelgen<\/p>\n<\/div><\/li><\/ul><div class=\"fusion-clearfix\"><\/div><\/div><\/div><div class=\"fusion-layout-column fusion_builder_column fusion-builder-column-2 fusion_builder_column_1_2 1_2 fusion-one-half fusion-column-last\" style=\"--awb-bg-size:cover;width:50%;width:calc(50% - ( ( 4% ) * 0.5 ) );\"><div class=\"fusion-column-wrapper fusion-flex-column-wrapper-legacy\"><ul style=\"--awb-size:13px;--awb-line-height:22.1px;--awb-icon-width:22.1px;--awb-icon-height:22.1px;--awb-icon-margin:9.1px;--awb-content-margin:31.2px;--awb-circlecolor:#ff6600;--awb-circle-yes-font-size:11.44px;\" class=\"fusion-checklist fusion-checklist-2 fusion-checklist-default type-icons\"><li class=\"fusion-li-item\" style=\"\"><span class=\"icon-wrapper circle-yes\"><i class=\"fusion-li-icon fa fa-check\" aria-hidden=\"true\"><\/i><\/span><div class=\"fusion-li-item-content\">\n<p>2 Schlauchf\u00e4cher<\/p>\n<\/div><\/li><li class=\"fusion-li-item\" style=\"\"><span class=\"icon-wrapper circle-yes\"><i class=\"fusion-li-icon fa fa-check\" aria-hidden=\"true\"><\/i><\/span><div class=\"fusion-li-item-content\">\n<p>ABS<\/p>\n<\/div><\/li><li class=\"fusion-li-item\" style=\"\"><span class=\"icon-wrapper circle-yes\"><i class=\"fusion-li-icon fa fa-check\" aria-hidden=\"true\"><\/i><\/span><div class=\"fusion-li-item-content\">\n<p>Bereifung 385\/65\/22,5 in der Fernverkehrsversion<\/p>\n<\/div><\/li><li class=\"fusion-li-item\" style=\"\"><span class=\"icon-wrapper circle-yes\"><i class=\"fusion-li-icon fa fa-check\" aria-hidden=\"true\"><\/i><\/span><div class=\"fusion-li-item-content\">\n<p>w\u00e4rmeged\u00e4mmter Beh\u00e4lter<\/p>\n<\/div><\/li><li class=\"fusion-li-item\" style=\"\"><span class=\"icon-wrapper circle-yes\"><i class=\"fusion-li-icon fa fa-check\" aria-hidden=\"true\"><\/i><\/span><div class=\"fusion-li-item-content\">\n<p>Luftinstallation zur Druckentladung der Produkte<\/p>\n<\/div><\/li><li class=\"fusion-li-item\" style=\"\"><span class=\"icon-wrapper circle-yes\"><i class=\"fusion-li-icon fa fa-check\" aria-hidden=\"true\"><\/i><\/span><div class=\"fusion-li-item-content\">\n<p>Installation (Schlauchspirale) unter dem Beh\u00e4lter zur Erw\u00e4rmung des Produkts mit einem externen Medium (Wasser, Dampf)<\/p>\n<\/div><\/li><li class=\"fusion-li-item\" style=\"\"><span class=\"icon-wrapper circle-yes\"><i class=\"fusion-li-icon fa fa-check\" aria-hidden=\"true\"><\/i><\/span><div class=\"fusion-li-item-content\">\n<p>Werkzeugkasten an der Fahrzeugseite<\/p>\n<\/div><\/li><li class=\"fusion-li-item\" style=\"\"><span class=\"icon-wrapper circle-yes\"><i class=\"fusion-li-icon fa fa-check\" aria-hidden=\"true\"><\/i><\/span><div class=\"fusion-li-item-content\">\n<p>vollst\u00e4ndige ADR-Kennzeichnung mit Tafeln, Rahmen und Ziffern<\/p>\n<\/div><\/li><li class=\"fusion-li-item\" style=\"\"><span class=\"icon-wrapper circle-yes\"><i class=\"fusion-li-icon fa fa-check\" aria-hidden=\"true\"><\/i><\/span><div class=\"fusion-li-item-content\">\n<p>vollst\u00e4ndige aufsichtsrechtliche Dokumentation der polnischen Technik-Aufsichtsbeh\u00f6rde f\u00fcr das Verkehrswesen (TDT) (Zulassung f\u00fcr Transporte der ADR-Kategorien, 3, 4.1, 6.1, 8 und 9)<\/p>\n<\/div><\/li><\/ul><div class=\"fusion-clearfix\"><\/div><\/div><\/div><div class=\"fusion-layout-column fusion_builder_column fusion-builder-column-3 fusion_builder_column_1_1 1_1 fusion-one-full fusion-column-first fusion-column-last\" style=\"--awb-bg-size:cover;\"><div class=\"fusion-column-wrapper fusion-flex-column-wrapper-legacy\"><div class=\"fusion-sep-clear\"><\/div><div class=\"fusion-separator fusion-full-width-sep\" style=\"margin-left: auto;margin-right: auto;margin-top:10px;margin-bottom:10px;width:100%;\"><\/div><div class=\"fusion-sep-clear\"><\/div><div class=\"fusion-text fusion-text-2\"><p>Die monatliche Leihgeb\u00fchr betr\u00e4gt 1.800 EUR.<\/p>\n<p>Diese Summe beinhaltet Mietzins, Haftpflicht- und Kaskoversicherung sowie Kraftfahrzeugsteuer.<\/p>\n<p>Nicht enthalten sind die Kosten f\u00fcr die Fahrzeugwartung, Hauptuntersuchung, ADR-Untersuchung und Inspektionen.<\/p>\n<\/div><div class=\"fusion-clearfix\"><\/div><\/div><\/div><\/div><\/div>\n","protected":false},"excerpt":{"rendered":"","protected":false},"author":13,"featured_media":0,"parent":20298,"menu_order":0,"comment_status":"closed","ping_status":"closed","template":"side-navigation.php","meta":{"footnotes":""},"class_list":["post-20307","page","type-page","status-publish","hentry"],"yoast_head":"<!-- This site is optimized with the Yoast SEO plugin v27.3 - https:\/\/yoast.com\/product\/yoast-seo-wordpress\/ -->\n<title>Technikverleih - PCC Autochem<\/title>\n<meta name=\"robots\" content=\"index, follow, max-snippet:-1, max-image-preview:large, max-video-preview:-1\" \/>\n<link rel=\"canonical\" href=\"https:\/\/www.pcc-autochem.eu\/de\/stellenangebote\/technikverleih\/\" \/>\n<meta property=\"og:locale\" content=\"de_DE\" \/>\n<meta property=\"og:type\" content=\"article\" \/>\n<meta property=\"og:title\" content=\"Technikverleih - PCC Autochem\" \/>\n<meta property=\"og:url\" content=\"https:\/\/www.pcc-autochem.eu\/de\/stellenangebote\/technikverleih\/\" \/>\n<meta property=\"og:site_name\" content=\"PCC Autochem\" \/>\n<meta property=\"article:modified_time\" content=\"2025-07-25T15:21:12+00:00\" \/>\n<meta property=\"og:image\" content=\"https:\/\/www.pcc-autochem.eu\/wp-content\/uploads\/2021\/03\/autochem.jpg\" \/>\n\t<meta property=\"og:image:width\" content=\"1200\" \/>\n\t<meta property=\"og:image:height\" content=\"630\" \/>\n\t<meta property=\"og:image:type\" content=\"image\/jpeg\" \/>\n<meta name=\"twitter:card\" content=\"summary_large_image\" \/>\n<meta name=\"twitter:label1\" content=\"Gesch\u00e4tzte Lesezeit\" \/>\n\t<meta name=\"twitter:data1\" content=\"4\u00a0Minuten\" \/>\n<script type=\"application\/ld+json\" class=\"yoast-schema-graph\">{\"@context\":\"https:\\\/\\\/schema.org\",\"@graph\":[{\"@type\":\"WebPage\",\"@id\":\"https:\\\/\\\/www.pcc-autochem.eu\\\/de\\\/stellenangebote\\\/technikverleih\\\/\",\"url\":\"https:\\\/\\\/www.pcc-autochem.eu\\\/de\\\/stellenangebote\\\/technikverleih\\\/\",\"name\":\"Technikverleih - PCC Autochem\",\"isPartOf\":{\"@id\":\"https:\\\/\\\/www.pcc-autochem.eu\\\/#website\"},\"datePublished\":\"2017-01-12T14:02:44+00:00\",\"dateModified\":\"2025-07-25T15:21:12+00:00\",\"breadcrumb\":{\"@id\":\"https:\\\/\\\/www.pcc-autochem.eu\\\/de\\\/stellenangebote\\\/technikverleih\\\/#breadcrumb\"},\"inLanguage\":\"de\",\"potentialAction\":[{\"@type\":\"ReadAction\",\"target\":[\"https:\\\/\\\/www.pcc-autochem.eu\\\/de\\\/stellenangebote\\\/technikverleih\\\/\"]}]},{\"@type\":\"BreadcrumbList\",\"@id\":\"https:\\\/\\\/www.pcc-autochem.eu\\\/de\\\/stellenangebote\\\/technikverleih\\\/#breadcrumb\",\"itemListElement\":[{\"@type\":\"ListItem\",\"position\":1,\"name\":\"Strona g\u0142\u00f3wna\",\"item\":\"https:\\\/\\\/www.pcc-autochem.eu\\\/\"},{\"@type\":\"ListItem\",\"position\":2,\"name\":\"Stellenangebote\",\"item\":\"https:\\\/\\\/www.pcc-autochem.eu\\\/de\\\/stellenangebote\\\/\"},{\"@type\":\"ListItem\",\"position\":3,\"name\":\"Technikverleih\"}]},{\"@type\":\"WebSite\",\"@id\":\"https:\\\/\\\/www.pcc-autochem.eu\\\/#website\",\"url\":\"https:\\\/\\\/www.pcc-autochem.eu\\\/\",\"name\":\"PCC Autochem\",\"description\":\"Transport von Fl\u00fcssigchemikalien\",\"potentialAction\":[{\"@type\":\"SearchAction\",\"target\":{\"@type\":\"EntryPoint\",\"urlTemplate\":\"https:\\\/\\\/www.pcc-autochem.eu\\\/?s={search_term_string}\"},\"query-input\":{\"@type\":\"PropertyValueSpecification\",\"valueRequired\":true,\"valueName\":\"search_term_string\"}}],\"inLanguage\":\"de\"}]}<\/script>\n<!-- \/ Yoast SEO plugin. -->","yoast_head_json":{"title":"Technikverleih - PCC Autochem","robots":{"index":"index","follow":"follow","max-snippet":"max-snippet:-1","max-image-preview":"max-image-preview:large","max-video-preview":"max-video-preview:-1"},"canonical":"https:\/\/www.pcc-autochem.eu\/de\/stellenangebote\/technikverleih\/","og_locale":"de_DE","og_type":"article","og_title":"Technikverleih - PCC Autochem","og_url":"https:\/\/www.pcc-autochem.eu\/de\/stellenangebote\/technikverleih\/","og_site_name":"PCC Autochem","article_modified_time":"2025-07-25T15:21:12+00:00","og_image":[{"width":1200,"height":630,"url":"https:\/\/www.pcc-autochem.eu\/wp-content\/uploads\/2021\/03\/autochem.jpg","type":"image\/jpeg"}],"twitter_card":"summary_large_image","twitter_misc":{"Gesch\u00e4tzte Lesezeit":"4\u00a0Minuten"},"schema":{"@context":"https:\/\/schema.org","@graph":[{"@type":"WebPage","@id":"https:\/\/www.pcc-autochem.eu\/de\/stellenangebote\/technikverleih\/","url":"https:\/\/www.pcc-autochem.eu\/de\/stellenangebote\/technikverleih\/","name":"Technikverleih - PCC Autochem","isPartOf":{"@id":"https:\/\/www.pcc-autochem.eu\/#website"},"datePublished":"2017-01-12T14:02:44+00:00","dateModified":"2025-07-25T15:21:12+00:00","breadcrumb":{"@id":"https:\/\/www.pcc-autochem.eu\/de\/stellenangebote\/technikverleih\/#breadcrumb"},"inLanguage":"de","potentialAction":[{"@type":"ReadAction","target":["https:\/\/www.pcc-autochem.eu\/de\/stellenangebote\/technikverleih\/"]}]},{"@type":"BreadcrumbList","@id":"https:\/\/www.pcc-autochem.eu\/de\/stellenangebote\/technikverleih\/#breadcrumb","itemListElement":[{"@type":"ListItem","position":1,"name":"Strona g\u0142\u00f3wna","item":"https:\/\/www.pcc-autochem.eu\/"},{"@type":"ListItem","position":2,"name":"Stellenangebote","item":"https:\/\/www.pcc-autochem.eu\/de\/stellenangebote\/"},{"@type":"ListItem","position":3,"name":"Technikverleih"}]},{"@type":"WebSite","@id":"https:\/\/www.pcc-autochem.eu\/#website","url":"https:\/\/www.pcc-autochem.eu\/","name":"PCC Autochem","description":"Transport von Fl\u00fcssigchemikalien","potentialAction":[{"@type":"SearchAction","target":{"@type":"EntryPoint","urlTemplate":"https:\/\/www.pcc-autochem.eu\/?s={search_term_string}"},"query-input":{"@type":"PropertyValueSpecification","valueRequired":true,"valueName":"search_term_string"}}],"inLanguage":"de"}]}},"_links":{"self":[{"href":"https:\/\/www.pcc-autochem.eu\/de\/wp-json\/wp\/v2\/pages\/20307","targetHints":{"allow":["GET"]}}],"collection":[{"href":"https:\/\/www.pcc-autochem.eu\/de\/wp-json\/wp\/v2\/pages"}],"about":[{"href":"https:\/\/www.pcc-autochem.eu\/de\/wp-json\/wp\/v2\/types\/page"}],"author":[{"embeddable":true,"href":"https:\/\/www.pcc-autochem.eu\/de\/wp-json\/wp\/v2\/users\/13"}],"replies":[{"embeddable":true,"href":"https:\/\/www.pcc-autochem.eu\/de\/wp-json\/wp\/v2\/comments?post=20307"}],"version-history":[{"count":1,"href":"https:\/\/www.pcc-autochem.eu\/de\/wp-json\/wp\/v2\/pages\/20307\/revisions"}],"predecessor-version":[{"id":21886,"href":"https:\/\/www.pcc-autochem.eu\/de\/wp-json\/wp\/v2\/pages\/20307\/revisions\/21886"}],"up":[{"embeddable":true,"href":"https:\/\/www.pcc-autochem.eu\/de\/wp-json\/wp\/v2\/pages\/20298"}],"wp:attachment":[{"href":"https:\/\/www.pcc-autochem.eu\/de\/wp-json\/wp\/v2\/media?parent=20307"}],"curies":[{"name":"wp","href":"https:\/\/api.w.org\/{rel}","templated":true}]}}