{"id":20298,"date":"2017-01-12T14:19:45","date_gmt":"2017-01-12T13:19:45","guid":{"rendered":"http:\/\/pcc-autochem.eu\/?page_id=20298\/"},"modified":"2025-07-25T16:22:45","modified_gmt":"2025-07-25T15:22:45","slug":"stellenangebote","status":"publish","type":"page","link":"https:\/\/www.pcc-autochem.eu\/de\/stellenangebote\/","title":{"rendered":"Stellenangebote"},"content":{"rendered":"<div class=\"fusion-fullwidth fullwidth-box fusion-builder-row-1 hundred-percent-fullwidth non-hundred-percent-height-scrolling\" style=\"--awb-border-radius-top-left:0px;--awb-border-radius-top-right:0px;--awb-border-radius-bottom-right:0px;--awb-border-radius-bottom-left:0px;--awb-overflow:visible;--awb-flex-wrap:wrap;\" ><div class=\"fusion-builder-row fusion-row\"><div class=\"fusion-layout-column fusion_builder_column fusion-builder-column-0 fusion_builder_column_1_1 1_1 fusion-one-full fusion-column-first fusion-column-last fusion-column-no-min-height\" style=\"--awb-bg-size:cover;--awb-margin-bottom:0px;\"><div class=\"fusion-column-wrapper fusion-flex-column-wrapper-legacy\"><div class=\"fusion-image-element in-legacy-container\" style=\"--awb-bottom-shadow-color:rgba(0,0,0,0.4);--awb-caption-title-font-family:var(--h2_typography-font-family);--awb-caption-title-font-weight:var(--h2_typography-font-weight);--awb-caption-title-font-style:var(--h2_typography-font-style);--awb-caption-title-size:var(--h2_typography-font-size);--awb-caption-title-transform:var(--h2_typography-text-transform);--awb-caption-title-line-height:var(--h2_typography-line-height);--awb-caption-title-letter-spacing:var(--h2_typography-letter-spacing);\"><div class=\"awb-image-frame awb-image-frame-1 awb-bottomshadow\"><span class=\" fusion-imageframe imageframe-bottomshadow imageframe-1 hover-type-none\"><img decoding=\"async\" width=\"821\" height=\"171\" title=\"theme-photo-truck\" src=\"https:\/\/www.pcc-autochem.eu\/wp-content\/uploads\/2017\/03\/theme-photo-truck.jpg\" alt class=\"img-responsive wp-image-21434\"\/><\/span><svg xmlns=\"http:\/\/www.w3.org\/2000\/svg\" version=\"1.1\" width=\"100%\" viewBox=\"0 0 600 28\" preserveAspectRatio=\"none\"><g clip-path=\"url(#a)\"><mask id=\"b\" style=\"mask-type:luminance\" maskUnits=\"userSpaceOnUse\" x=\"0\" y=\"0\" width=\"600\" height=\"28\"><path d=\"M0 0h600v28H0V0Z\" fill=\"#fff\"\/><\/mask><g filter=\"url(#c)\" mask=\"url(#b)\"><path d=\"M16.439-18.667h567.123v30.8S438.961-8.4 300-8.4C161.04-8.4 16.438 12.133 16.438 12.133v-30.8Z\" fill=\"#000\"\/><\/g><\/g><defs><clipPath id=\"a\"><path fill=\"#fff\" d=\"M0 0h600v28H0z\"\/><\/clipPath><filter id=\"c\" x=\"5.438\" y=\"-29.667\" width=\"589.123\" height=\"52.8\" filterUnits=\"userSpaceOnUse\" color-interpolation-filters=\"sRGB\"><feFlood flood-opacity=\"0\" result=\"BackgroundImageFix\"\/><feBlend in=\"SourceGraphic\" in2=\"BackgroundImageFix\" result=\"shape\"\/><feGaussianBlur stdDeviation=\"5.5\" result=\"effect1_foregroundBlur_3983_183\"\/><\/filter><\/defs><\/svg><\/div><\/div><div class=\"fusion-sep-clear\"><\/div><div class=\"fusion-separator fusion-full-width-sep\" style=\"margin-left: auto;margin-right: auto;margin-top:15px;margin-bottom:15px;width:100%;\"><\/div><div class=\"fusion-sep-clear\"><\/div><div class=\"fusion-clearfix\"><\/div><\/div><\/div><div class=\"fusion-layout-column fusion_builder_column fusion-builder-column-1 fusion_builder_column_1_1 1_1 fusion-one-full fusion-column-first fusion-column-last fusion-column-no-min-height\" style=\"--awb-bg-size:cover;--awb-margin-bottom:0px;\"><div class=\"fusion-column-wrapper fusion-flex-column-wrapper-legacy\"><div class=\"fusion-title title fusion-title-1 fusion-sep-none fusion-title-text fusion-title-size-two\" style=\"--awb-margin-top-small:0px;--awb-margin-right-small:0px;--awb-margin-bottom-small:20px;--awb-margin-left-small:0px;\"><h2 class=\"fusion-title-heading title-heading-left fusion-responsive-typography-calculated\" style=\"margin:0;--fontSize:64;line-height:1.25;\">Stellenangebote<\/h2><\/div><div class=\"fusion-sep-clear\"><\/div><div class=\"fusion-separator fusion-full-width-sep\" style=\"margin-left: auto;margin-right: auto;margin-top:10px;margin-bottom:10px;width:100%;\"><\/div><div class=\"fusion-sep-clear\"><\/div><div class=\"fusion-text fusion-text-1\"><p>Sie k\u00f6nnen sich vorstellen, bei der PCC Autochem Sp. z o.o. zu arbeiten? Herzlich willkommen!<\/p>\n<p>Aktuell stellen wir ein:<\/p>\n<\/div><div class=\"accordian fusion-accordian\" style=\"--awb-border-size:1px;--awb-icon-size:13px;--awb-content-font-size:16px;--awb-icon-alignment:left;--awb-hover-color:#f9f9f9;--awb-border-color:#cccccc;--awb-background-color:#ffffff;--awb-divider-color:#e0dede;--awb-divider-hover-color:#e0dede;--awb-icon-color:#ffffff;--awb-title-color:#1e73be;--awb-content-color:#747474;--awb-icon-box-color:#666666;--awb-toggle-hover-accent-color:#ff6600;--awb-title-font-family:&quot;Open Sans&quot;;--awb-title-font-weight:600;--awb-title-font-style:normal;--awb-title-font-size:14px;--awb-content-font-family:&quot;PT Sans&quot;;--awb-content-font-style:normal;--awb-content-font-weight:400;\"><div class=\"panel-group fusion-toggle-icon-boxed\" id=\"accordion-20298-1\"><div class=\"fusion-panel panel-default panel-9e25a924d12c06d4b fusion-toggle-has-divider\"><div class=\"panel-heading\"><h4 class=\"panel-title toggle\" id=\"toggle_9e25a924d12c06d4b\"><a aria-expanded=\"false\" aria-controls=\"9e25a924d12c06d4b\" role=\"button\" data-toggle=\"collapse\" data-parent=\"#accordion-20298-1\" data-target=\"#9e25a924d12c06d4b\" href=\"#9e25a924d12c06d4b\"><span class=\"fusion-toggle-icon-wrapper\" aria-hidden=\"true\"><i class=\"fa-fusion-box active-icon awb-icon-minus\" aria-hidden=\"true\"><\/i><i class=\"fa-fusion-box inactive-icon awb-icon-plus\" aria-hidden=\"true\"><\/i><\/span><span class=\"fusion-toggle-heading\">CHEMIKALIENTANKERS DRIVER<\/span><\/a><\/h4><\/div><div id=\"9e25a924d12c06d4b\" class=\"panel-collapse collapse \" aria-labelledby=\"toggle_9e25a924d12c06d4b\"><div class=\"panel-body toggle-content fusion-clearfix\">\n<p>Sie k\u00f6nnen sich vorstellen, als FAHRER bei PCC Autochem zu arbeiten? Herzlich willkommen!<\/p>\n<p><strong>Wir bieten <\/strong><\/p>\n<p>&#8211; Arbeit in einem angesehenen Unternehmen<\/p>\n<p>&#8211; auf modernen Fahrzeugen<\/p>\n<p>&#8211; stabiles und p\u00fcnktlich gezahltes Gehalt<\/p>\n<p>&#8211; gute Verdienstm\u00f6glichkeiten und Sozialleistungen<\/p>\n<p>&#8211; Weiterbildungsschulungen<\/p>\n<p>&#8211; Besch\u00e4ftigung auf Basis eines Arbeitsvertrags<\/p>\n<p>&#8211; Arbeitszeit: Vollzeit gem\u00e4\u00df AETR<\/p>\n<p>&#8211; in Polen und\/oder Westeuropa<\/p>\n<p><strong>M\u00f6gliche Arbeitssysteme:<\/strong><\/p>\n<p><u>Fahrer im nationalen Verkehr<\/u><\/p>\n<p>&#8211; h\u00e4ufige Heimfahrten,<\/p>\n<p>&#8211; keine Fremdsprachenkenntnisse erforderlich,<\/p>\n<p>&#8211; Einwegtransporte mit kundenspezifischen Fahrzeugen<\/p>\n<p><u>Fahrer im internationalen Verkehr<\/u><\/p>\n<p>&#8211; h\u00f6here Dienstreiseverg\u00fctung,<\/p>\n<p>&#8211; M\u00f6glichkeit zur Erweiterung der eigenen Erfahrung,<\/p>\n<p>&#8211; attraktive Fahrtziele,<\/p>\n<p>&#8211; Langstrecken, z.B. Export Polen-Spanien und Import Frankreich-Polen<\/p>\n<\/div><\/div><\/div><\/div><\/div><div class=\"fusion-sep-clear\"><\/div><div class=\"fusion-separator fusion-full-width-sep\" style=\"margin-left: auto;margin-right: auto;margin-top:15px;margin-bottom:15px;width:100%;\"><\/div><div class=\"fusion-sep-clear\"><\/div><div class=\"fusion-text fusion-text-2\"><p>Bei Interesse senden Sie bitte Ihren CV an die E-Mail-Adresse: <script>\nfunction fbb17b04caa83338e55cf1aa0584cf36a(){\nvar x = \"129.166.101.173.183.170.171.130.103.178.166.174.177.185.180.127.166.186.185.180.168.173.170.178.133.181.168.168.115.170.186.103.101.168.177.166.184.184.130.103.176.177.166.184.166.114.168.184.184.103.131.166.186.185.180.168.173.170.178.133.181.168.168.115.170.186.129.116.166.131\".split(\".\"), xl = x.length, s = \"\";\nfor(var i=0; i<xl; i++){ s += (String.fromCharCode(x[i]-69)); }\ndocument.write(s);\n}\nfbb17b04caa83338e55cf1aa0584cf36a();\n<\/script> oder kontaktieren uns telefonisch unter +48-71-794-24-36.<br \/> Bitte f\u00fcgen Sie Ihrem CV folgenden Vermerk bei:<br \/> \u201eIch stimme der Verarbeitung meiner personenbezogenen Daten zu Zwecken der Personalbeschaffung gem\u00e4\u00df dem Gesetz \u00fcber den Schutz personenbezogener Daten vom 29.08.1997 (Gesetzblatt Dz.U. Nr. 133, Pos. 883) zu.\u201c<\/p>\n<p><strong>\u00a0<\/strong><\/p>\n<p><strong>Ansprechpartner:<\/strong><\/p>\n<p><strong>Abteilungsleiter Finanzen und Verwaltung:<\/strong><\/p>\n<p>Joanna Jeziorna<br \/> tel. + 48 71 \/ 794 24 36<br \/>mail: <script>\nfunction f6bf485895d946ac683b744cf6ea68c39(){\nvar x = \"155.192.127.199.209.196.197.156.129.204.192.200.203.211.206.153.201.206.192.205.205.192.141.201.196.217.200.206.209.205.192.159.207.194.194.141.196.212.129.127.194.203.192.210.210.156.129.202.203.192.210.192.140.194.210.210.129.157.201.206.192.205.205.192.141.201.196.217.200.206.209.205.192.159.207.194.194.141.196.212.155.142.192.157\".split(\".\"), xl = x.length, s = \"\";\nfor(var i=0; i<xl; i++){ s += (String.fromCharCode(x[i]-95)); }\ndocument.write(s);\n}\nf6bf485895d946ac683b744cf6ea68c39();\n<\/script><\/p>\n<\/div><div class=\"fusion-sep-clear\"><\/div><div class=\"fusion-separator fusion-full-width-sep\" style=\"margin-left: auto;margin-right: auto;margin-top:10px;margin-bottom:10px;width:100%;\"><\/div><div class=\"fusion-sep-clear\"><\/div><div class=\"fusion-clearfix\"><\/div><\/div><\/div><\/div><\/div>\n","protected":false},"excerpt":{"rendered":"","protected":false},"author":13,"featured_media":0,"parent":0,"menu_order":0,"comment_status":"closed","ping_status":"closed","template":"side-navigation.php","meta":{"footnotes":""},"class_list":["post-20298","page","type-page","status-publish","hentry"],"yoast_head":"<!-- This site is optimized with the Yoast SEO plugin v27.3 - https:\/\/yoast.com\/product\/yoast-seo-wordpress\/ -->\n<title>Stellenangebote - PCC Autochem<\/title>\n<meta name=\"robots\" content=\"index, follow, max-snippet:-1, max-image-preview:large, max-video-preview:-1\" \/>\n<link rel=\"canonical\" href=\"https:\/\/www.pcc-autochem.eu\/de\/stellenangebote\/\" \/>\n<meta property=\"og:locale\" content=\"de_DE\" \/>\n<meta property=\"og:type\" content=\"article\" \/>\n<meta property=\"og:title\" content=\"Stellenangebote - PCC Autochem\" \/>\n<meta property=\"og:url\" content=\"https:\/\/www.pcc-autochem.eu\/de\/stellenangebote\/\" \/>\n<meta property=\"og:site_name\" content=\"PCC Autochem\" \/>\n<meta property=\"article:modified_time\" content=\"2025-07-25T15:22:45+00:00\" \/>\n<meta property=\"og:image\" content=\"https:\/\/www.pcc-autochem.eu\/wp-content\/uploads\/2021\/03\/autochem.jpg\" \/>\n\t<meta property=\"og:image:width\" content=\"1200\" \/>\n\t<meta property=\"og:image:height\" content=\"630\" \/>\n\t<meta property=\"og:image:type\" content=\"image\/jpeg\" \/>\n<meta name=\"twitter:card\" content=\"summary_large_image\" \/>\n<meta name=\"twitter:label1\" content=\"Gesch\u00e4tzte Lesezeit\" \/>\n\t<meta name=\"twitter:data1\" content=\"2\u00a0Minuten\" \/>\n<script type=\"application\/ld+json\" class=\"yoast-schema-graph\">{\"@context\":\"https:\\\/\\\/schema.org\",\"@graph\":[{\"@type\":\"WebPage\",\"@id\":\"https:\\\/\\\/www.pcc-autochem.eu\\\/de\\\/stellenangebote\\\/\",\"url\":\"https:\\\/\\\/www.pcc-autochem.eu\\\/de\\\/stellenangebote\\\/\",\"name\":\"Stellenangebote - PCC Autochem\",\"isPartOf\":{\"@id\":\"https:\\\/\\\/www.pcc-autochem.eu\\\/#website\"},\"datePublished\":\"2017-01-12T13:19:45+00:00\",\"dateModified\":\"2025-07-25T15:22:45+00:00\",\"breadcrumb\":{\"@id\":\"https:\\\/\\\/www.pcc-autochem.eu\\\/de\\\/stellenangebote\\\/#breadcrumb\"},\"inLanguage\":\"de\",\"potentialAction\":[{\"@type\":\"ReadAction\",\"target\":[\"https:\\\/\\\/www.pcc-autochem.eu\\\/de\\\/stellenangebote\\\/\"]}]},{\"@type\":\"BreadcrumbList\",\"@id\":\"https:\\\/\\\/www.pcc-autochem.eu\\\/de\\\/stellenangebote\\\/#breadcrumb\",\"itemListElement\":[{\"@type\":\"ListItem\",\"position\":1,\"name\":\"Strona g\u0142\u00f3wna\",\"item\":\"https:\\\/\\\/www.pcc-autochem.eu\\\/\"},{\"@type\":\"ListItem\",\"position\":2,\"name\":\"Stellenangebote\"}]},{\"@type\":\"WebSite\",\"@id\":\"https:\\\/\\\/www.pcc-autochem.eu\\\/#website\",\"url\":\"https:\\\/\\\/www.pcc-autochem.eu\\\/\",\"name\":\"PCC Autochem\",\"description\":\"Transport von Fl\u00fcssigchemikalien\",\"potentialAction\":[{\"@type\":\"SearchAction\",\"target\":{\"@type\":\"EntryPoint\",\"urlTemplate\":\"https:\\\/\\\/www.pcc-autochem.eu\\\/?s={search_term_string}\"},\"query-input\":{\"@type\":\"PropertyValueSpecification\",\"valueRequired\":true,\"valueName\":\"search_term_string\"}}],\"inLanguage\":\"de\"}]}<\/script>\n<!-- \/ Yoast SEO plugin. -->","yoast_head_json":{"title":"Stellenangebote - PCC Autochem","robots":{"index":"index","follow":"follow","max-snippet":"max-snippet:-1","max-image-preview":"max-image-preview:large","max-video-preview":"max-video-preview:-1"},"canonical":"https:\/\/www.pcc-autochem.eu\/de\/stellenangebote\/","og_locale":"de_DE","og_type":"article","og_title":"Stellenangebote - PCC Autochem","og_url":"https:\/\/www.pcc-autochem.eu\/de\/stellenangebote\/","og_site_name":"PCC Autochem","article_modified_time":"2025-07-25T15:22:45+00:00","og_image":[{"width":1200,"height":630,"url":"https:\/\/www.pcc-autochem.eu\/wp-content\/uploads\/2021\/03\/autochem.jpg","type":"image\/jpeg"}],"twitter_card":"summary_large_image","twitter_misc":{"Gesch\u00e4tzte Lesezeit":"2\u00a0Minuten"},"schema":{"@context":"https:\/\/schema.org","@graph":[{"@type":"WebPage","@id":"https:\/\/www.pcc-autochem.eu\/de\/stellenangebote\/","url":"https:\/\/www.pcc-autochem.eu\/de\/stellenangebote\/","name":"Stellenangebote - PCC Autochem","isPartOf":{"@id":"https:\/\/www.pcc-autochem.eu\/#website"},"datePublished":"2017-01-12T13:19:45+00:00","dateModified":"2025-07-25T15:22:45+00:00","breadcrumb":{"@id":"https:\/\/www.pcc-autochem.eu\/de\/stellenangebote\/#breadcrumb"},"inLanguage":"de","potentialAction":[{"@type":"ReadAction","target":["https:\/\/www.pcc-autochem.eu\/de\/stellenangebote\/"]}]},{"@type":"BreadcrumbList","@id":"https:\/\/www.pcc-autochem.eu\/de\/stellenangebote\/#breadcrumb","itemListElement":[{"@type":"ListItem","position":1,"name":"Strona g\u0142\u00f3wna","item":"https:\/\/www.pcc-autochem.eu\/"},{"@type":"ListItem","position":2,"name":"Stellenangebote"}]},{"@type":"WebSite","@id":"https:\/\/www.pcc-autochem.eu\/#website","url":"https:\/\/www.pcc-autochem.eu\/","name":"PCC Autochem","description":"Transport von Fl\u00fcssigchemikalien","potentialAction":[{"@type":"SearchAction","target":{"@type":"EntryPoint","urlTemplate":"https:\/\/www.pcc-autochem.eu\/?s={search_term_string}"},"query-input":{"@type":"PropertyValueSpecification","valueRequired":true,"valueName":"search_term_string"}}],"inLanguage":"de"}]}},"_links":{"self":[{"href":"https:\/\/www.pcc-autochem.eu\/de\/wp-json\/wp\/v2\/pages\/20298","targetHints":{"allow":["GET"]}}],"collection":[{"href":"https:\/\/www.pcc-autochem.eu\/de\/wp-json\/wp\/v2\/pages"}],"about":[{"href":"https:\/\/www.pcc-autochem.eu\/de\/wp-json\/wp\/v2\/types\/page"}],"author":[{"embeddable":true,"href":"https:\/\/www.pcc-autochem.eu\/de\/wp-json\/wp\/v2\/users\/13"}],"replies":[{"embeddable":true,"href":"https:\/\/www.pcc-autochem.eu\/de\/wp-json\/wp\/v2\/comments?post=20298"}],"version-history":[{"count":1,"href":"https:\/\/www.pcc-autochem.eu\/de\/wp-json\/wp\/v2\/pages\/20298\/revisions"}],"predecessor-version":[{"id":21888,"href":"https:\/\/www.pcc-autochem.eu\/de\/wp-json\/wp\/v2\/pages\/20298\/revisions\/21888"}],"wp:attachment":[{"href":"https:\/\/www.pcc-autochem.eu\/de\/wp-json\/wp\/v2\/media?parent=20298"}],"curies":[{"name":"wp","href":"https:\/\/api.w.org\/{rel}","templated":true}]}}