{"id":20279,"date":"2017-01-12T14:01:45","date_gmt":"2017-01-12T13:01:45","guid":{"rendered":"http:\/\/pcc-autochem.eu\/?page_id=20279\/"},"modified":"2025-02-17T10:10:27","modified_gmt":"2025-02-17T09:10:27","slug":"tankwagen-und-container","status":"publish","type":"page","link":"https:\/\/www.pcc-autochem.eu\/de\/angebot\/waschanlage\/tankwagen-und-container\/","title":{"rendered":"Waschanlage f\u00fcr Tankwagen und Container"},"content":{"rendered":"<div class=\"fusion-fullwidth fullwidth-box fusion-builder-row-1 hundred-percent-fullwidth non-hundred-percent-height-scrolling\" style=\"--awb-border-radius-top-left:0px;--awb-border-radius-top-right:0px;--awb-border-radius-bottom-right:0px;--awb-border-radius-bottom-left:0px;--awb-overflow:visible;--awb-flex-wrap:wrap;\" ><div class=\"fusion-builder-row fusion-row\"><div class=\"fusion-layout-column fusion_builder_column fusion-builder-column-0 fusion_builder_column_1_1 1_1 fusion-one-full fusion-column-first fusion-column-last fusion-column-no-min-height\" style=\"--awb-bg-blend:overlay;--awb-bg-size:cover;--awb-margin-bottom:0px;\"><div class=\"fusion-column-wrapper fusion-flex-column-wrapper-legacy\"><div class=\"fusion-image-element in-legacy-container\" style=\"--awb-caption-title-font-family:var(--h2_typography-font-family);--awb-caption-title-font-weight:var(--h2_typography-font-weight);--awb-caption-title-font-style:var(--h2_typography-font-style);--awb-caption-title-size:var(--h2_typography-font-size);--awb-caption-title-transform:var(--h2_typography-text-transform);--awb-caption-title-line-height:var(--h2_typography-line-height);--awb-caption-title-letter-spacing:var(--h2_typography-letter-spacing);\"><span class=\" fusion-imageframe imageframe-none imageframe-1 hover-type-none\"><img decoding=\"async\" width=\"1600\" height=\"666\" title=\"myjnia-203\" src=\"https:\/\/www.pcc-autochem.eu\/wp-content\/uploads\/2024\/11\/myjnia-203.png\" alt class=\"img-responsive wp-image-21697\" srcset=\"https:\/\/www.pcc-autochem.eu\/wp-content\/uploads\/2024\/11\/myjnia-203-200x83.png 200w, https:\/\/www.pcc-autochem.eu\/wp-content\/uploads\/2024\/11\/myjnia-203-400x167.png 400w, https:\/\/www.pcc-autochem.eu\/wp-content\/uploads\/2024\/11\/myjnia-203-600x250.png 600w, https:\/\/www.pcc-autochem.eu\/wp-content\/uploads\/2024\/11\/myjnia-203-800x333.png 800w, https:\/\/www.pcc-autochem.eu\/wp-content\/uploads\/2024\/11\/myjnia-203-1200x500.png 1200w, https:\/\/www.pcc-autochem.eu\/wp-content\/uploads\/2024\/11\/myjnia-203.png 1600w\" sizes=\"(max-width: 767px) 100vw, 1200px\" \/><\/span><\/div><div class=\"fusion-sep-clear\"><\/div><div class=\"fusion-separator fusion-full-width-sep\" style=\"margin-left: auto;margin-right: auto;margin-top:25px;width:100%;\"><\/div><div class=\"fusion-sep-clear\"><\/div><div class=\"fusion-sep-clear\"><\/div><div class=\"fusion-separator fusion-full-width-sep\" style=\"margin-left: auto;margin-right: auto;margin-top:-5px;margin-bottom:-5px;width:100%;\"><\/div><div class=\"fusion-sep-clear\"><\/div><div class=\"fusion-clearfix\"><\/div><\/div><\/div><div class=\"fusion-layout-column fusion_builder_column fusion-builder-column-1 fusion_builder_column_1_1 1_1 fusion-one-full fusion-column-first fusion-column-last\" style=\"--awb-bg-blend:overlay;--awb-bg-size:cover;\"><div class=\"fusion-column-wrapper fusion-flex-column-wrapper-legacy\"><div class=\"fusion-title title fusion-title-1 sep-underline sep-solid fusion-title-text fusion-title-size-one\" style=\"--awb-margin-top-small:0px;--awb-margin-right-small:0px;--awb-margin-bottom-small:20px;--awb-margin-left-small:0px;\"><h1 class=\"fusion-title-heading title-heading-left fusion-responsive-typography-calculated\" style=\"margin:0;--fontSize:80;line-height:1.2;\">Waschanlage f\u00fcr Tankwagen und Container<\/h1><\/div><div class=\"fusion-text fusion-text-1\" style=\"--awb-text-transform:none;\"><p><strong>\u00a0<\/strong><\/p>\n<p>Anfang 2006 nahmen wir eine eigene Waschanlage f\u00fcr Tankwagen, Tankcontainer und IBC-Beh\u00e4lter in Brzeg Dolny in Betrieb. Dabei handelt es sich um eine der modernsten in Polen und die einzige in Niederschlesien. Grund daf\u00fcr war die Notwendigkeit, Tankwagen in speziellen Waschanlagen, die die erforderlichen Reinigungszertifikate ausstellen, gr\u00fcndlich zu reinigen und zu desinfizieren.<\/p>\n<p>Als Zusatzleistung bietet die Waschanlage die Bedampfung und Beheizung von Beh\u00e4ltern an. Die Medien hierf\u00fcr werden von anderen Unternehmen des PCC-Konzerns geliefert. In der Waschanlage werden au\u00dferdem kleinere Reparaturen durchgef\u00fchrt, darunter die Instandsetzung von Entleerungsarmaturen und der Austausch von Dichtungen.<\/p>\n<\/div><div class=\"accordian fusion-accordian\" style=\"--awb-border-size:1px;--awb-icon-size:13px;--awb-content-font-size:16px;--awb-icon-alignment:left;--awb-hover-color:#f9f9f9;--awb-border-color:#cccccc;--awb-background-color:#ffffff;--awb-divider-color:#e0dede;--awb-divider-hover-color:#e0dede;--awb-icon-color:#ffffff;--awb-title-color:#1e73be;--awb-content-color:#747474;--awb-icon-box-color:#666666;--awb-toggle-hover-accent-color:#ff6600;--awb-title-font-family:&quot;Open Sans&quot;;--awb-title-font-weight:600;--awb-title-font-style:normal;--awb-title-font-size:14px;--awb-content-font-family:&quot;PT Sans&quot;;--awb-content-font-style:normal;--awb-content-font-weight:400;\"><div class=\"panel-group fusion-toggle-icon-boxed\" id=\"accordion-20279-1\"><div class=\"fusion-panel panel-default panel-df855253868659c5c fusion-toggle-has-divider\"><div class=\"panel-heading\"><h4 class=\"panel-title toggle\" id=\"toggle_df855253868659c5c\"><a aria-expanded=\"false\" aria-controls=\"df855253868659c5c\" role=\"button\" data-toggle=\"collapse\" data-parent=\"#accordion-20279-1\" data-target=\"#df855253868659c5c\" href=\"#df855253868659c5c\"><span class=\"fusion-toggle-icon-wrapper\" aria-hidden=\"true\"><i class=\"fa-fusion-box active-icon awb-icon-minus\" aria-hidden=\"true\"><\/i><i class=\"fa-fusion-box inactive-icon awb-icon-plus\" aria-hidden=\"true\"><\/i><\/span><span class=\"fusion-toggle-heading\">ECD-Zertifikat<\/span><\/a><\/h4><\/div><div id=\"df855253868659c5c\" class=\"panel-collapse collapse \" aria-labelledby=\"toggle_df855253868659c5c\"><div class=\"panel-body toggle-content fusion-clearfix\">\n<p>Die st\u00e4ndige Weiterentwicklung der Chemiebranche hat zu einer steigenden Nachfrage nach begleitenden Dienstleistungen gef\u00fchrt, die als Verl\u00e4ngerung der Logistik-Wertsch\u00f6pfungskette betrachtet werden k\u00f6nnen. Polnische und ausl\u00e4ndische Betreiber von Waschanlagen, die hochwertige Dienstleistungen anbieten, schlie\u00dfen sich zusammen mit dem Ziel, gemeinsam hohe Standards zu entwickeln und einzuf\u00fchren.<\/p>\n<p>Eine Organisation dieser Art in Polen ist der Polnische Tankwagen-Waschanlagenverband (Polskie Stowarzyszenie Myjni Cystern), der 2006 gegr\u00fcndet wurde (im selben Jahr wurde auch PCC Autochem Mitglied). Der Aufnahme von Waschanlagenbetreibern in den Verband geht eine detaillierte \u00dcberpr\u00fcfung wesentlicher Faktoren voraus, darunter u.\u00a0a. des Qualit\u00e4tssicherungssystems, der verwendeten Verfahren sowie der technischen Ausstattung. Die \u00dcbereinstimmung mit diesen Standards wird alle drei Jahre bei Audits \u00fcberpr\u00fcft, bei denen die Einhaltung der geltenden Bestimmungen im Betrieb der Waschanlage bewertet wird.<\/p>\n<p>Der Polnische Tankwagen-Waschanlagenverband ist Mitglied des Europ\u00e4ischen Tankreinigungsverbands EFTCO, dem unter anderem auch Verb\u00e4nde aus den Niederlanden, Spanien, Belgien, Deutschland und Frankreich angeh\u00f6ren. Der Verband setzt sich seit vielen Jahren f\u00fcr ein gemeinsames Tankreinigungszertifikat f\u00fcr ganz Europa ein \u2013 das European Cleaning Document (ECD). Der Kunde erh\u00e4lt dieses Dokument als Beleg f\u00fcr die Durchf\u00fchrung der Reinigungsleistung und als Best\u00e4tigung, dass das ausf\u00fchrende Unternehmen die internationalen Standards erf\u00fcllt.<\/p>\n<p>Wodurch zeichnet sich das ECD-Zertifikat aus? Dank der Form und Struktur des Zertifikats k\u00f6nnen sich Fahrer und Verlader schnell und detailliert dar\u00fcber informieren, welche Leistung ausgef\u00fchrt wurde. Die \u00fcbrigen Vorteile sind der nachstehenden Grafik zu entnehmen.<\/p>\n<p><img decoding=\"async\" class=\"aligncenter size-full wp-image-20282\" src=\"https:\/\/www.pcc-autochem.eu\/wp-content\/uploads\/2017\/01\/ecd-de.png\" alt=\"ecd-de\" width=\"704\" height=\"459\" \/><\/p>\n<p>&nbsp;<\/p>\n<\/div><\/div><\/div><div class=\"fusion-panel panel-default panel-6b7add1d0f53dc324 fusion-toggle-has-divider\"><div class=\"panel-heading\"><h4 class=\"panel-title toggle\" id=\"toggle_6b7add1d0f53dc324\"><a aria-expanded=\"false\" aria-controls=\"6b7add1d0f53dc324\" role=\"button\" data-toggle=\"collapse\" data-parent=\"#accordion-20279-1\" data-target=\"#6b7add1d0f53dc324\" href=\"#6b7add1d0f53dc324\"><span class=\"fusion-toggle-icon-wrapper\" aria-hidden=\"true\"><i class=\"fa-fusion-box active-icon awb-icon-minus\" aria-hidden=\"true\"><\/i><i class=\"fa-fusion-box inactive-icon awb-icon-plus\" aria-hidden=\"true\"><\/i><\/span><span class=\"fusion-toggle-heading\">Umweltschutz<\/span><\/a><\/h4><\/div><div id=\"6b7add1d0f53dc324\" class=\"panel-collapse collapse \" aria-labelledby=\"toggle_6b7add1d0f53dc324\"><div class=\"panel-body toggle-content fusion-clearfix\">\n<p>Bei der konzeptionellen Planung des Investitionsvorhabens wurde neben der Definition zahlreicher strategischer Ziele auch die Notwendigkeit beachtet, die negativen Auswirkungen auf die Umwelt zu minimieren. Im Ergebnis dieser \u00dcberlegungen wurde die neue Anlage anstelle der bisher verwendeten L\u00f6sung mit einer modernen Abwasser-Vorreinigungsanlage ausgestattet. Wichtiges Element der neuen Vorreinigungsanlage ist ein Probenahmeautomat, der eine deutlich bessere Kontrolle der Zusammensetzung der erzeugten Abw\u00e4sser erm\u00f6glicht, wodurch schnellere und wirksamere Ma\u00dfnahmen zum Schutz der Umwelt getroffen werden k\u00f6nnen.<\/p>\n<\/div><\/div><\/div><\/div><\/div><iframe src=\"https:\/\/www.google.com\/maps\/embed?pb=!1m18!1m12!1m3!1d2495.8852552232674!2d16.733525399999998!3d51.2764312!2m3!1f0!2f0!3f0!3m2!1i1024!2i768!4f13.1!3m3!1m2!1s0x470f910063579b8b%3A0xe68ef439033aa2cc!2sMyjnia%20cystern%20PCC!5e0!3m2!1spl!2spl!4v1739780952382!5m2!1spl!2spl\" width=\"100%\" height=\"450\" style=\"border:0;\" allowfullscreen=\"\" loading=\"lazy\" referrerpolicy=\"no-referrer-when-downgrade\"><\/iframe>\n<div class=\"fusion-clearfix\"><\/div><\/div><\/div><\/div><\/div>\n","protected":false},"excerpt":{"rendered":"","protected":false},"author":13,"featured_media":0,"parent":20277,"menu_order":1,"comment_status":"closed","ping_status":"closed","template":"side-navigation.php","meta":{"footnotes":""},"class_list":["post-20279","page","type-page","status-publish","hentry"],"yoast_head":"<!-- This site is optimized with the Yoast SEO plugin v27.3 - https:\/\/yoast.com\/product\/yoast-seo-wordpress\/ -->\n<title>Waschanlage f\u00fcr Tankwagen und Container - PCC Autochem<\/title>\n<meta name=\"robots\" content=\"index, follow, max-snippet:-1, max-image-preview:large, max-video-preview:-1\" \/>\n<link rel=\"canonical\" href=\"https:\/\/www.pcc-autochem.eu\/de\/angebot\/waschanlage\/tankwagen-und-container\/\" \/>\n<meta property=\"og:locale\" content=\"de_DE\" \/>\n<meta property=\"og:type\" content=\"article\" \/>\n<meta property=\"og:title\" content=\"Waschanlage f\u00fcr Tankwagen und Container - PCC Autochem\" \/>\n<meta property=\"og:url\" content=\"https:\/\/www.pcc-autochem.eu\/de\/angebot\/waschanlage\/tankwagen-und-container\/\" \/>\n<meta property=\"og:site_name\" content=\"PCC Autochem\" \/>\n<meta property=\"article:modified_time\" content=\"2025-02-17T09:10:27+00:00\" \/>\n<meta property=\"og:image\" content=\"https:\/\/www.pcc-autochem.eu\/wp-content\/uploads\/2017\/01\/ecd-de.png\" \/>\n<meta name=\"twitter:card\" content=\"summary_large_image\" \/>\n<meta name=\"twitter:label1\" content=\"Gesch\u00e4tzte Lesezeit\" \/>\n\t<meta name=\"twitter:data1\" content=\"3\u00a0Minuten\" \/>\n<script type=\"application\/ld+json\" class=\"yoast-schema-graph\">{\"@context\":\"https:\\\/\\\/schema.org\",\"@graph\":[{\"@type\":\"WebPage\",\"@id\":\"https:\\\/\\\/www.pcc-autochem.eu\\\/de\\\/angebot\\\/waschanlage\\\/tankwagen-und-container\\\/\",\"url\":\"https:\\\/\\\/www.pcc-autochem.eu\\\/de\\\/angebot\\\/waschanlage\\\/tankwagen-und-container\\\/\",\"name\":\"Waschanlage f\u00fcr Tankwagen und Container - PCC Autochem\",\"isPartOf\":{\"@id\":\"https:\\\/\\\/www.pcc-autochem.eu\\\/#website\"},\"primaryImageOfPage\":{\"@id\":\"https:\\\/\\\/www.pcc-autochem.eu\\\/de\\\/angebot\\\/waschanlage\\\/tankwagen-und-container\\\/#primaryimage\"},\"image\":{\"@id\":\"https:\\\/\\\/www.pcc-autochem.eu\\\/de\\\/angebot\\\/waschanlage\\\/tankwagen-und-container\\\/#primaryimage\"},\"thumbnailUrl\":\"https:\\\/\\\/www.pcc-autochem.eu\\\/wp-content\\\/uploads\\\/2017\\\/01\\\/ecd-de.png\",\"datePublished\":\"2017-01-12T13:01:45+00:00\",\"dateModified\":\"2025-02-17T09:10:27+00:00\",\"breadcrumb\":{\"@id\":\"https:\\\/\\\/www.pcc-autochem.eu\\\/de\\\/angebot\\\/waschanlage\\\/tankwagen-und-container\\\/#breadcrumb\"},\"inLanguage\":\"de\",\"potentialAction\":[{\"@type\":\"ReadAction\",\"target\":[\"https:\\\/\\\/www.pcc-autochem.eu\\\/de\\\/angebot\\\/waschanlage\\\/tankwagen-und-container\\\/\"]}]},{\"@type\":\"ImageObject\",\"inLanguage\":\"de\",\"@id\":\"https:\\\/\\\/www.pcc-autochem.eu\\\/de\\\/angebot\\\/waschanlage\\\/tankwagen-und-container\\\/#primaryimage\",\"url\":\"https:\\\/\\\/www.pcc-autochem.eu\\\/wp-content\\\/uploads\\\/2017\\\/01\\\/ecd-de.png\",\"contentUrl\":\"https:\\\/\\\/www.pcc-autochem.eu\\\/wp-content\\\/uploads\\\/2017\\\/01\\\/ecd-de.png\"},{\"@type\":\"BreadcrumbList\",\"@id\":\"https:\\\/\\\/www.pcc-autochem.eu\\\/de\\\/angebot\\\/waschanlage\\\/tankwagen-und-container\\\/#breadcrumb\",\"itemListElement\":[{\"@type\":\"ListItem\",\"position\":1,\"name\":\"Strona g\u0142\u00f3wna\",\"item\":\"https:\\\/\\\/www.pcc-autochem.eu\\\/\"},{\"@type\":\"ListItem\",\"position\":2,\"name\":\"Angebot\",\"item\":\"https:\\\/\\\/www.pcc-autochem.eu\\\/de\\\/angebot\\\/\"},{\"@type\":\"ListItem\",\"position\":3,\"name\":\"Waschanlage\",\"item\":\"https:\\\/\\\/www.pcc-autochem.eu\\\/de\\\/angebot\\\/waschanlage\\\/\"},{\"@type\":\"ListItem\",\"position\":4,\"name\":\"Waschanlage f\u00fcr Tankwagen und Container\"}]},{\"@type\":\"WebSite\",\"@id\":\"https:\\\/\\\/www.pcc-autochem.eu\\\/#website\",\"url\":\"https:\\\/\\\/www.pcc-autochem.eu\\\/\",\"name\":\"PCC Autochem\",\"description\":\"Transport von Fl\u00fcssigchemikalien\",\"potentialAction\":[{\"@type\":\"SearchAction\",\"target\":{\"@type\":\"EntryPoint\",\"urlTemplate\":\"https:\\\/\\\/www.pcc-autochem.eu\\\/?s={search_term_string}\"},\"query-input\":{\"@type\":\"PropertyValueSpecification\",\"valueRequired\":true,\"valueName\":\"search_term_string\"}}],\"inLanguage\":\"de\"}]}<\/script>\n<!-- \/ Yoast SEO plugin. -->","yoast_head_json":{"title":"Waschanlage f\u00fcr Tankwagen und Container - PCC Autochem","robots":{"index":"index","follow":"follow","max-snippet":"max-snippet:-1","max-image-preview":"max-image-preview:large","max-video-preview":"max-video-preview:-1"},"canonical":"https:\/\/www.pcc-autochem.eu\/de\/angebot\/waschanlage\/tankwagen-und-container\/","og_locale":"de_DE","og_type":"article","og_title":"Waschanlage f\u00fcr Tankwagen und Container - PCC Autochem","og_url":"https:\/\/www.pcc-autochem.eu\/de\/angebot\/waschanlage\/tankwagen-und-container\/","og_site_name":"PCC Autochem","article_modified_time":"2025-02-17T09:10:27+00:00","og_image":[{"url":"https:\/\/www.pcc-autochem.eu\/wp-content\/uploads\/2017\/01\/ecd-de.png","type":"","width":"","height":""}],"twitter_card":"summary_large_image","twitter_misc":{"Gesch\u00e4tzte Lesezeit":"3\u00a0Minuten"},"schema":{"@context":"https:\/\/schema.org","@graph":[{"@type":"WebPage","@id":"https:\/\/www.pcc-autochem.eu\/de\/angebot\/waschanlage\/tankwagen-und-container\/","url":"https:\/\/www.pcc-autochem.eu\/de\/angebot\/waschanlage\/tankwagen-und-container\/","name":"Waschanlage f\u00fcr Tankwagen und Container - PCC Autochem","isPartOf":{"@id":"https:\/\/www.pcc-autochem.eu\/#website"},"primaryImageOfPage":{"@id":"https:\/\/www.pcc-autochem.eu\/de\/angebot\/waschanlage\/tankwagen-und-container\/#primaryimage"},"image":{"@id":"https:\/\/www.pcc-autochem.eu\/de\/angebot\/waschanlage\/tankwagen-und-container\/#primaryimage"},"thumbnailUrl":"https:\/\/www.pcc-autochem.eu\/wp-content\/uploads\/2017\/01\/ecd-de.png","datePublished":"2017-01-12T13:01:45+00:00","dateModified":"2025-02-17T09:10:27+00:00","breadcrumb":{"@id":"https:\/\/www.pcc-autochem.eu\/de\/angebot\/waschanlage\/tankwagen-und-container\/#breadcrumb"},"inLanguage":"de","potentialAction":[{"@type":"ReadAction","target":["https:\/\/www.pcc-autochem.eu\/de\/angebot\/waschanlage\/tankwagen-und-container\/"]}]},{"@type":"ImageObject","inLanguage":"de","@id":"https:\/\/www.pcc-autochem.eu\/de\/angebot\/waschanlage\/tankwagen-und-container\/#primaryimage","url":"https:\/\/www.pcc-autochem.eu\/wp-content\/uploads\/2017\/01\/ecd-de.png","contentUrl":"https:\/\/www.pcc-autochem.eu\/wp-content\/uploads\/2017\/01\/ecd-de.png"},{"@type":"BreadcrumbList","@id":"https:\/\/www.pcc-autochem.eu\/de\/angebot\/waschanlage\/tankwagen-und-container\/#breadcrumb","itemListElement":[{"@type":"ListItem","position":1,"name":"Strona g\u0142\u00f3wna","item":"https:\/\/www.pcc-autochem.eu\/"},{"@type":"ListItem","position":2,"name":"Angebot","item":"https:\/\/www.pcc-autochem.eu\/de\/angebot\/"},{"@type":"ListItem","position":3,"name":"Waschanlage","item":"https:\/\/www.pcc-autochem.eu\/de\/angebot\/waschanlage\/"},{"@type":"ListItem","position":4,"name":"Waschanlage f\u00fcr Tankwagen und Container"}]},{"@type":"WebSite","@id":"https:\/\/www.pcc-autochem.eu\/#website","url":"https:\/\/www.pcc-autochem.eu\/","name":"PCC Autochem","description":"Transport von Fl\u00fcssigchemikalien","potentialAction":[{"@type":"SearchAction","target":{"@type":"EntryPoint","urlTemplate":"https:\/\/www.pcc-autochem.eu\/?s={search_term_string}"},"query-input":{"@type":"PropertyValueSpecification","valueRequired":true,"valueName":"search_term_string"}}],"inLanguage":"de"}]}},"_links":{"self":[{"href":"https:\/\/www.pcc-autochem.eu\/de\/wp-json\/wp\/v2\/pages\/20279","targetHints":{"allow":["GET"]}}],"collection":[{"href":"https:\/\/www.pcc-autochem.eu\/de\/wp-json\/wp\/v2\/pages"}],"about":[{"href":"https:\/\/www.pcc-autochem.eu\/de\/wp-json\/wp\/v2\/types\/page"}],"author":[{"embeddable":true,"href":"https:\/\/www.pcc-autochem.eu\/de\/wp-json\/wp\/v2\/users\/13"}],"replies":[{"embeddable":true,"href":"https:\/\/www.pcc-autochem.eu\/de\/wp-json\/wp\/v2\/comments?post=20279"}],"version-history":[{"count":5,"href":"https:\/\/www.pcc-autochem.eu\/de\/wp-json\/wp\/v2\/pages\/20279\/revisions"}],"predecessor-version":[{"id":21792,"href":"https:\/\/www.pcc-autochem.eu\/de\/wp-json\/wp\/v2\/pages\/20279\/revisions\/21792"}],"up":[{"embeddable":true,"href":"https:\/\/www.pcc-autochem.eu\/de\/wp-json\/wp\/v2\/pages\/20277"}],"wp:attachment":[{"href":"https:\/\/www.pcc-autochem.eu\/de\/wp-json\/wp\/v2\/media?parent=20279"}],"curies":[{"name":"wp","href":"https:\/\/api.w.org\/{rel}","templated":true}]}}