{"id":20273,"date":"2017-01-12T15:26:33","date_gmt":"2017-01-12T14:26:33","guid":{"rendered":"http:\/\/pcc-autochem.eu\/?page_id=20273\/"},"modified":"2025-07-25T16:25:18","modified_gmt":"2025-07-25T15:25:18","slug":"kombiverkehr","status":"publish","type":"page","link":"https:\/\/www.pcc-autochem.eu\/de\/angebot\/transportangebot\/kombiverkehr\/","title":{"rendered":"Kombiverkehr"},"content":{"rendered":"<div class=\"fusion-fullwidth fullwidth-box fusion-builder-row-1 hundred-percent-fullwidth non-hundred-percent-height-scrolling\" style=\"--awb-border-radius-top-left:0px;--awb-border-radius-top-right:0px;--awb-border-radius-bottom-right:0px;--awb-border-radius-bottom-left:0px;--awb-overflow:visible;--awb-flex-wrap:wrap;\" ><div class=\"fusion-builder-row fusion-row\"><div class=\"fusion-layout-column fusion_builder_column fusion-builder-column-0 fusion_builder_column_1_1 1_1 fusion-one-full fusion-column-first fusion-column-last fusion-column-no-min-height\" style=\"--awb-bg-size:cover;--awb-margin-bottom:0px;\"><div class=\"fusion-column-wrapper fusion-flex-column-wrapper-legacy\"><div class=\"fusion-image-carousel fusion-image-carousel-auto fusion-image-carousel-1 lightbox-enabled fusion-carousel-border\"><div class=\"awb-carousel awb-swiper awb-swiper-carousel awb-carousel--carousel awb-swiper-dots-position-bottom\" data-layout=\"carousel\" data-autoplay=\"no\" data-autoplayspeed=\"2500\" data-autoplaypause=\"no\" data-loop=\"yes\" data-columns=\"4\" data-columnsmedium=\"1\" data-columnssmall=\"1\" data-itemmargin=\"2\" data-itemwidth=\"180\" data-touchscroll=\"no\" data-freemode=\"no\" data-imagesize=\"auto\" data-scrollitems=\"0\" data-centeredslides=\"no\" data-rotationangle=\"50\" data-depth=\"100\" data-speed=\"500\" data-shadow=\"no\" data-pagination=\"bullets\" style=\"--awb-columns:4;--awb-column-spacing:2px;--awb-border-width:1px;--awb-border-color:#e9eaee;\"><div class=\"swiper-wrapper awb-image-carousel-wrapper fusion-flex-align-items-center\"><div class=\"swiper-slide\"><div class=\"fusion-carousel-item-wrapper\"><div class=\"fusion-image-wrapper hover-type-none\"><a data-rel=\"iLightbox[image_carousel_1]\" data-title=\"t-int-min-1\" aria-label=\"t-int-min-1\" href=\"\/wp-content\/uploads\/2016\/12\/intermodal-1.jpg\" target=\"_self\"><img decoding=\"async\" width=\"250\" height=\"158\" src=\"https:\/\/www.pcc-autochem.eu\/wp-content\/uploads\/2017\/03\/t-int-min-1.png\" class=\"attachment-full size-full\" alt=\"\" \/><\/a><\/div><\/div><\/div><div class=\"swiper-slide\"><div class=\"fusion-carousel-item-wrapper\"><div class=\"fusion-image-wrapper hover-type-none\"><a data-rel=\"iLightbox[image_carousel_1]\" data-title=\"t-int-min-2\" aria-label=\"t-int-min-2\" href=\"\/wp-content\/uploads\/2016\/12\/intermodal-2.jpg\" target=\"_self\"><img decoding=\"async\" width=\"249\" height=\"157\" src=\"https:\/\/www.pcc-autochem.eu\/wp-content\/uploads\/2017\/03\/t-int-min-2.png\" class=\"attachment-full size-full\" alt=\"\" \/><\/a><\/div><\/div><\/div><div class=\"swiper-slide\"><div class=\"fusion-carousel-item-wrapper\"><div class=\"fusion-image-wrapper hover-type-none\"><a data-rel=\"iLightbox[image_carousel_1]\" data-title=\"t-int-min-3\" aria-label=\"t-int-min-3\" href=\"\/wp-content\/uploads\/2016\/12\/intermodal-3.jpg\" target=\"_self\"><img decoding=\"async\" width=\"251\" height=\"158\" src=\"https:\/\/www.pcc-autochem.eu\/wp-content\/uploads\/2017\/03\/t-int-min-3.png\" class=\"attachment-full size-full\" alt=\"\" \/><\/a><\/div><\/div><\/div><div class=\"swiper-slide\"><div class=\"fusion-carousel-item-wrapper\"><div class=\"fusion-image-wrapper hover-type-none\"><a data-rel=\"iLightbox[image_carousel_1]\" data-title=\"t-int-min-4\" aria-label=\"t-int-min-4\" href=\"\/wp-content\/uploads\/2016\/12\/intermodal-5.jpg\" target=\"_self\"><img decoding=\"async\" width=\"252\" height=\"158\" src=\"https:\/\/www.pcc-autochem.eu\/wp-content\/uploads\/2017\/03\/t-int-min-4.png\" class=\"attachment-full size-full\" alt=\"\" \/><\/a><\/div><\/div><\/div><\/div><div class=\"awb-swiper-button awb-swiper-button-prev\"><i class=\"awb-icon-angle-left\" aria-hidden=\"true\"><\/i><\/div><div class=\"awb-swiper-button awb-swiper-button-next\"><i class=\"awb-icon-angle-right\" aria-hidden=\"true\"><\/i><\/div><\/div><\/div><div class=\"fusion-sep-clear\"><\/div><div class=\"fusion-separator fusion-full-width-sep\" style=\"margin-left: auto;margin-right: auto;margin-top:-5px;margin-bottom:-5px;width:100%;\"><\/div><div class=\"fusion-sep-clear\"><\/div><div class=\"fusion-clearfix\"><\/div><\/div><\/div><div class=\"fusion-layout-column fusion_builder_column fusion-builder-column-1 fusion_builder_column_1_1 1_1 fusion-one-full fusion-column-first fusion-column-last\" style=\"--awb-bg-size:cover;\"><div class=\"fusion-column-wrapper fusion-flex-column-wrapper-legacy\"><div class=\"fusion-title title fusion-title-1 fusion-sep-none fusion-title-text fusion-title-size-two\" style=\"--awb-margin-top-small:0px;--awb-margin-right-small:0px;--awb-margin-bottom-small:20px;--awb-margin-left-small:0px;\"><h2 class=\"fusion-title-heading title-heading-left fusion-responsive-typography-calculated\" style=\"margin:0;--fontSize:64;line-height:1.25;\">Kombiverkehr<\/h2><\/div><div class=\"fusion-text fusion-text-1\"><p>Eine besondere Erg\u00e4nzung unseres Transportangebots stellen intermodale L\u00f6sungen dar, bei denen wir den Transport von Waren im Kombiverkehr (Stra\u00dfe-Schiene) sowie die Lagerung von Produkten in Tankcontainern anbieten.<\/p>\n<p>Dank der Kapazit\u00e4ten unserer Schwestergesellschaft PCC Intermodal k\u00f6nnen wir Eisenbahn-Linienverbindungen zwischen den wichtigsten Zentren der westeurop\u00e4ischen und polnischen Industrie anbieten. Durch die Nutzung dieser Option k\u00f6nnen Transporte flexibler gestaltet werden, und h\u00e4ufig gelangen wir dadurch zu attraktiven L\u00f6sungen, die sich beim reinen Stra\u00dfentransport nicht rechnen w\u00fcrden oder nicht realisierbar w\u00e4ren, z.B. 28 Tonnen Nutzlast oder die Lagerung von Produkten in einem unserer Terminals.<\/p>\n<p>Wir verf\u00fcgen \u00fcber mehrere Dutzend Tankcontainer mit einem Fassungsverm\u00f6gen von 25.000 bis 35.000 Litern.<\/p>\n<p>Diese Beh\u00e4lter sind f\u00fcr den Transport von neutralen und Gefahrg\u00fctern geeignet.<\/p>\n<\/div><div class=\"fusion-clearfix\"><\/div><\/div><\/div><\/div><\/div>\n","protected":false},"excerpt":{"rendered":"","protected":false},"author":13,"featured_media":0,"parent":20265,"menu_order":2,"comment_status":"closed","ping_status":"closed","template":"side-navigation.php","meta":{"footnotes":""},"class_list":["post-20273","page","type-page","status-publish","hentry"],"yoast_head":"<!-- This site is optimized with the Yoast SEO plugin v27.3 - https:\/\/yoast.com\/product\/yoast-seo-wordpress\/ -->\n<title>Kombiverkehr - PCC Autochem<\/title>\n<meta name=\"robots\" content=\"index, follow, max-snippet:-1, max-image-preview:large, max-video-preview:-1\" \/>\n<link rel=\"canonical\" href=\"https:\/\/www.pcc-autochem.eu\/de\/angebot\/transportangebot\/kombiverkehr\/\" \/>\n<meta property=\"og:locale\" content=\"de_DE\" \/>\n<meta property=\"og:type\" content=\"article\" \/>\n<meta property=\"og:title\" content=\"Kombiverkehr - PCC Autochem\" \/>\n<meta property=\"og:url\" content=\"https:\/\/www.pcc-autochem.eu\/de\/angebot\/transportangebot\/kombiverkehr\/\" \/>\n<meta property=\"og:site_name\" content=\"PCC Autochem\" \/>\n<meta property=\"article:modified_time\" content=\"2025-07-25T15:25:18+00:00\" \/>\n<meta property=\"og:image\" content=\"https:\/\/www.pcc-autochem.eu\/wp-content\/uploads\/2021\/03\/autochem.jpg\" \/>\n\t<meta property=\"og:image:width\" content=\"1200\" \/>\n\t<meta property=\"og:image:height\" content=\"630\" \/>\n\t<meta property=\"og:image:type\" content=\"image\/jpeg\" \/>\n<meta name=\"twitter:card\" content=\"summary_large_image\" \/>\n<meta name=\"twitter:label1\" content=\"Gesch\u00e4tzte Lesezeit\" \/>\n\t<meta name=\"twitter:data1\" content=\"2\u00a0Minuten\" \/>\n<script type=\"application\/ld+json\" class=\"yoast-schema-graph\">{\"@context\":\"https:\\\/\\\/schema.org\",\"@graph\":[{\"@type\":\"WebPage\",\"@id\":\"https:\\\/\\\/www.pcc-autochem.eu\\\/de\\\/angebot\\\/transportangebot\\\/kombiverkehr\\\/\",\"url\":\"https:\\\/\\\/www.pcc-autochem.eu\\\/de\\\/angebot\\\/transportangebot\\\/kombiverkehr\\\/\",\"name\":\"Kombiverkehr - PCC Autochem\",\"isPartOf\":{\"@id\":\"https:\\\/\\\/www.pcc-autochem.eu\\\/#website\"},\"datePublished\":\"2017-01-12T14:26:33+00:00\",\"dateModified\":\"2025-07-25T15:25:18+00:00\",\"breadcrumb\":{\"@id\":\"https:\\\/\\\/www.pcc-autochem.eu\\\/de\\\/angebot\\\/transportangebot\\\/kombiverkehr\\\/#breadcrumb\"},\"inLanguage\":\"de\",\"potentialAction\":[{\"@type\":\"ReadAction\",\"target\":[\"https:\\\/\\\/www.pcc-autochem.eu\\\/de\\\/angebot\\\/transportangebot\\\/kombiverkehr\\\/\"]}]},{\"@type\":\"BreadcrumbList\",\"@id\":\"https:\\\/\\\/www.pcc-autochem.eu\\\/de\\\/angebot\\\/transportangebot\\\/kombiverkehr\\\/#breadcrumb\",\"itemListElement\":[{\"@type\":\"ListItem\",\"position\":1,\"name\":\"Strona g\u0142\u00f3wna\",\"item\":\"https:\\\/\\\/www.pcc-autochem.eu\\\/\"},{\"@type\":\"ListItem\",\"position\":2,\"name\":\"Angebot\",\"item\":\"https:\\\/\\\/www.pcc-autochem.eu\\\/de\\\/angebot\\\/\"},{\"@type\":\"ListItem\",\"position\":3,\"name\":\"Transportangebot\",\"item\":\"https:\\\/\\\/www.pcc-autochem.eu\\\/de\\\/angebot\\\/transportangebot\\\/\"},{\"@type\":\"ListItem\",\"position\":4,\"name\":\"Kombiverkehr\"}]},{\"@type\":\"WebSite\",\"@id\":\"https:\\\/\\\/www.pcc-autochem.eu\\\/#website\",\"url\":\"https:\\\/\\\/www.pcc-autochem.eu\\\/\",\"name\":\"PCC Autochem\",\"description\":\"Transport von Fl\u00fcssigchemikalien\",\"potentialAction\":[{\"@type\":\"SearchAction\",\"target\":{\"@type\":\"EntryPoint\",\"urlTemplate\":\"https:\\\/\\\/www.pcc-autochem.eu\\\/?s={search_term_string}\"},\"query-input\":{\"@type\":\"PropertyValueSpecification\",\"valueRequired\":true,\"valueName\":\"search_term_string\"}}],\"inLanguage\":\"de\"}]}<\/script>\n<!-- \/ Yoast SEO plugin. -->","yoast_head_json":{"title":"Kombiverkehr - PCC Autochem","robots":{"index":"index","follow":"follow","max-snippet":"max-snippet:-1","max-image-preview":"max-image-preview:large","max-video-preview":"max-video-preview:-1"},"canonical":"https:\/\/www.pcc-autochem.eu\/de\/angebot\/transportangebot\/kombiverkehr\/","og_locale":"de_DE","og_type":"article","og_title":"Kombiverkehr - PCC Autochem","og_url":"https:\/\/www.pcc-autochem.eu\/de\/angebot\/transportangebot\/kombiverkehr\/","og_site_name":"PCC Autochem","article_modified_time":"2025-07-25T15:25:18+00:00","og_image":[{"width":1200,"height":630,"url":"https:\/\/www.pcc-autochem.eu\/wp-content\/uploads\/2021\/03\/autochem.jpg","type":"image\/jpeg"}],"twitter_card":"summary_large_image","twitter_misc":{"Gesch\u00e4tzte Lesezeit":"2\u00a0Minuten"},"schema":{"@context":"https:\/\/schema.org","@graph":[{"@type":"WebPage","@id":"https:\/\/www.pcc-autochem.eu\/de\/angebot\/transportangebot\/kombiverkehr\/","url":"https:\/\/www.pcc-autochem.eu\/de\/angebot\/transportangebot\/kombiverkehr\/","name":"Kombiverkehr - PCC Autochem","isPartOf":{"@id":"https:\/\/www.pcc-autochem.eu\/#website"},"datePublished":"2017-01-12T14:26:33+00:00","dateModified":"2025-07-25T15:25:18+00:00","breadcrumb":{"@id":"https:\/\/www.pcc-autochem.eu\/de\/angebot\/transportangebot\/kombiverkehr\/#breadcrumb"},"inLanguage":"de","potentialAction":[{"@type":"ReadAction","target":["https:\/\/www.pcc-autochem.eu\/de\/angebot\/transportangebot\/kombiverkehr\/"]}]},{"@type":"BreadcrumbList","@id":"https:\/\/www.pcc-autochem.eu\/de\/angebot\/transportangebot\/kombiverkehr\/#breadcrumb","itemListElement":[{"@type":"ListItem","position":1,"name":"Strona g\u0142\u00f3wna","item":"https:\/\/www.pcc-autochem.eu\/"},{"@type":"ListItem","position":2,"name":"Angebot","item":"https:\/\/www.pcc-autochem.eu\/de\/angebot\/"},{"@type":"ListItem","position":3,"name":"Transportangebot","item":"https:\/\/www.pcc-autochem.eu\/de\/angebot\/transportangebot\/"},{"@type":"ListItem","position":4,"name":"Kombiverkehr"}]},{"@type":"WebSite","@id":"https:\/\/www.pcc-autochem.eu\/#website","url":"https:\/\/www.pcc-autochem.eu\/","name":"PCC Autochem","description":"Transport von Fl\u00fcssigchemikalien","potentialAction":[{"@type":"SearchAction","target":{"@type":"EntryPoint","urlTemplate":"https:\/\/www.pcc-autochem.eu\/?s={search_term_string}"},"query-input":{"@type":"PropertyValueSpecification","valueRequired":true,"valueName":"search_term_string"}}],"inLanguage":"de"}]}},"_links":{"self":[{"href":"https:\/\/www.pcc-autochem.eu\/de\/wp-json\/wp\/v2\/pages\/20273","targetHints":{"allow":["GET"]}}],"collection":[{"href":"https:\/\/www.pcc-autochem.eu\/de\/wp-json\/wp\/v2\/pages"}],"about":[{"href":"https:\/\/www.pcc-autochem.eu\/de\/wp-json\/wp\/v2\/types\/page"}],"author":[{"embeddable":true,"href":"https:\/\/www.pcc-autochem.eu\/de\/wp-json\/wp\/v2\/users\/13"}],"replies":[{"embeddable":true,"href":"https:\/\/www.pcc-autochem.eu\/de\/wp-json\/wp\/v2\/comments?post=20273"}],"version-history":[{"count":1,"href":"https:\/\/www.pcc-autochem.eu\/de\/wp-json\/wp\/v2\/pages\/20273\/revisions"}],"predecessor-version":[{"id":21890,"href":"https:\/\/www.pcc-autochem.eu\/de\/wp-json\/wp\/v2\/pages\/20273\/revisions\/21890"}],"up":[{"embeddable":true,"href":"https:\/\/www.pcc-autochem.eu\/de\/wp-json\/wp\/v2\/pages\/20265"}],"wp:attachment":[{"href":"https:\/\/www.pcc-autochem.eu\/de\/wp-json\/wp\/v2\/media?parent=20273"}],"curies":[{"name":"wp","href":"https:\/\/api.w.org\/{rel}","templated":true}]}}