{"id":20230,"date":"2017-01-12T12:07:25","date_gmt":"2017-01-12T11:07:25","guid":{"rendered":"http:\/\/pcc-autochem.eu\/?page_id=20230\/"},"modified":"2025-08-25T11:24:30","modified_gmt":"2025-08-25T10:24:30","slug":"lizenzen-und-zertifikate","status":"publish","type":"page","link":"https:\/\/www.pcc-autochem.eu\/de\/uber-uns\/lizenzen-und-zertifikate\/","title":{"rendered":"Lizenzen und Zertifikate"},"content":{"rendered":"<p><div class=\"fusion-fullwidth fullwidth-box fusion-builder-row-1 nonhundred-percent-fullwidth non-hundred-percent-height-scrolling\" style=\"--awb-background-position:left top;--awb-border-sizes-top:0px;--awb-border-sizes-bottom:0px;--awb-border-sizes-left:0px;--awb-border-sizes-right:0px;--awb-border-radius-top-left:0px;--awb-border-radius-top-right:0px;--awb-border-radius-bottom-right:0px;--awb-border-radius-bottom-left:0px;--awb-flex-wrap:wrap;\" ><div class=\"fusion-builder-row fusion-row\"><div class=\"fusion-layout-column fusion_builder_column fusion-builder-column-0 fusion_builder_column_1_1 1_1 fusion-one-full fusion-column-first fusion-column-last fusion-column-no-min-height\" style=\"--awb-bg-size:cover;--awb-margin-bottom:0px;\"><div class=\"fusion-column-wrapper fusion-flex-column-wrapper-legacy\"><div class=\"fusion-image-element in-legacy-container\" style=\"--awb-bottom-shadow-color:rgba(0,0,0,0.4);--awb-caption-title-font-family:var(--h2_typography-font-family);--awb-caption-title-font-weight:var(--h2_typography-font-weight);--awb-caption-title-font-style:var(--h2_typography-font-style);--awb-caption-title-size:var(--h2_typography-font-size);--awb-caption-title-transform:var(--h2_typography-text-transform);--awb-caption-title-line-height:var(--h2_typography-line-height);--awb-caption-title-letter-spacing:var(--h2_typography-letter-spacing);\"><div class=\"awb-image-frame awb-image-frame-1 awb-bottomshadow\"><span class=\" fusion-imageframe imageframe-bottomshadow imageframe-1 hover-type-none\"><img decoding=\"async\" width=\"821\" height=\"171\" title=\"theme-photo-truck\" src=\"https:\/\/www.pcc-autochem.eu\/wp-content\/uploads\/2017\/03\/theme-photo-truck.jpg\" alt class=\"img-responsive wp-image-21434\"\/><\/span><svg xmlns=\"http:\/\/www.w3.org\/2000\/svg\" version=\"1.1\" width=\"100%\" viewBox=\"0 0 600 28\" preserveAspectRatio=\"none\"><g clip-path=\"url(#a)\"><mask id=\"b\" style=\"mask-type:luminance\" maskUnits=\"userSpaceOnUse\" x=\"0\" y=\"0\" width=\"600\" height=\"28\"><path d=\"M0 0h600v28H0V0Z\" fill=\"#fff\"\/><\/mask><g filter=\"url(#c)\" mask=\"url(#b)\"><path d=\"M16.439-18.667h567.123v30.8S438.961-8.4 300-8.4C161.04-8.4 16.438 12.133 16.438 12.133v-30.8Z\" fill=\"#000\"\/><\/g><\/g><defs><clipPath id=\"a\"><path fill=\"#fff\" d=\"M0 0h600v28H0z\"\/><\/clipPath><filter id=\"c\" x=\"5.438\" y=\"-29.667\" width=\"589.123\" height=\"52.8\" filterUnits=\"userSpaceOnUse\" color-interpolation-filters=\"sRGB\"><feFlood flood-opacity=\"0\" result=\"BackgroundImageFix\"\/><feBlend in=\"SourceGraphic\" in2=\"BackgroundImageFix\" result=\"shape\"\/><feGaussianBlur stdDeviation=\"5.5\" result=\"effect1_foregroundBlur_3983_183\"\/><\/filter><\/defs><\/svg><\/div><\/div><div class=\"fusion-sep-clear\"><\/div><div class=\"fusion-separator fusion-full-width-sep\" style=\"margin-left: auto;margin-right: auto;margin-top:15px;margin-bottom:15px;width:100%;\"><\/div><div class=\"fusion-sep-clear\"><\/div><div class=\"fusion-clearfix\"><\/div><\/div><\/div><div class=\"fusion-layout-column fusion_builder_column fusion-builder-column-1 fusion_builder_column_1_1 1_1 fusion-one-full fusion-column-first fusion-column-last fusion-column-no-min-height\" style=\"--awb-bg-size:cover;--awb-margin-bottom:0px;\"><div class=\"fusion-column-wrapper fusion-flex-column-wrapper-legacy\"><div class=\"fusion-title title fusion-title-1 fusion-sep-none fusion-title-text fusion-title-size-two\" style=\"--awb-margin-top-small:0px;--awb-margin-right-small:0px;--awb-margin-bottom-small:20px;--awb-margin-left-small:0px;\"><h2 class=\"fusion-title-heading title-heading-left fusion-responsive-typography-calculated\" style=\"margin:0;--fontSize:64;line-height:1.25;\">Lizenzen und Zertifikate<\/h2><\/div><div class=\"fusion-clearfix\"><\/div><\/div><\/div><\/div><\/div><div class=\"fusion-fullwidth fullwidth-box fusion-builder-row-2 hundred-percent-fullwidth non-hundred-percent-height-scrolling\" style=\"--awb-border-radius-top-left:0px;--awb-border-radius-top-right:0px;--awb-border-radius-bottom-right:0px;--awb-border-radius-bottom-left:0px;--awb-overflow:visible;--awb-flex-wrap:wrap;\" ><div class=\"fusion-builder-row fusion-row\"><div class=\"fusion-layout-column fusion_builder_column fusion-builder-column-2 fusion_builder_column_1_4 1_4 fusion-one-fourth fusion-column-first\" style=\"--awb-bg-size:cover;width:22%; margin-right: 4%;\"><div class=\"fusion-column-wrapper fusion-flex-column-wrapper-legacy\"><div class=\"fusion-text fusion-text-1\"><p><a href=\"\/wp-content\/uploads\/2017\/01\/LICENCJA-NR-0055956.pdf\"><img decoding=\"async\" class=\"size-full wp-image-20203 alignleft\" src=\"https:\/\/www.pcc-autochem.eu\/wp-content\/uploads\/2017\/01\/licencja.png\" alt=\"licencja\" width=\"386\" height=\"534\" \/><\/a><\/p>\n<\/div><div class=\"fusion-clearfix\"><\/div><\/div><\/div><div class=\"fusion-layout-column fusion_builder_column fusion-builder-column-3 fusion_builder_column_1_4 1_4 fusion-one-fourth\" style=\"--awb-bg-size:cover;width:22%; margin-right: 4%;\"><div class=\"fusion-column-wrapper fusion-flex-column-wrapper-legacy\"><div class=\"fusion-text fusion-text-2\"><p><a href=\"\/wp-content\/uploads\/2017\/01\/LICENCJA-UE.pdf\"><img decoding=\"async\" class=\"size-full wp-image-20204 alignleft\" src=\"https:\/\/www.pcc-autochem.eu\/wp-content\/uploads\/2017\/01\/licencja-eu.png\" alt=\"licencja-eu\" width=\"389\" height=\"534\" \/><\/a><\/p>\n<\/div><div class=\"fusion-clearfix\"><\/div><\/div><\/div><div class=\"fusion-layout-column fusion_builder_column fusion-builder-column-4 fusion_builder_column_1_1 1_1 fusion-one-full fusion-column-last\" style=\"--awb-bg-size:cover;\"><div class=\"fusion-column-wrapper fusion-flex-column-wrapper-legacy\"><div class=\"fusion-text fusion-text-3\"><p>Im Ergebnis seiner kontinuierlichen Entwicklung und zur Sicherung einer hohen Transportqualit\u00e4t f\u00fcr unsere Kunden erhielt unser Unternehmen 2000 als eines der ersten im nationalen und internationalen Gefahrguttransport t\u00e4tigen Unternehmen Polens das Zertifikat EN ISO 9002, das mittlerweile in das Zertifikat EN ISO 9001:2015 umgewandelt wurde.<\/p>\n<p>Zertifiziert werden bei der PCC Autochem sowohl die Transport- als auch die Reinigungsleistungen.<\/p>\n<\/div><div class=\"fusion-clearfix\"><\/div><\/div><\/div><div class=\"fusion-layout-column fusion_builder_column fusion-builder-column-5 fusion_builder_column_1_4 1_4 fusion-one-fourth fusion-column-first\" style=\"--awb-bg-size:cover;width:22%; margin-right: 4%;\"><div class=\"fusion-column-wrapper fusion-flex-column-wrapper-legacy\"><div class=\"fusion-text fusion-text-4\"><p><a href=\"https:\/\/www.pcc-autochem.eu\/wp-content\/uploads\/2025\/08\/CERT_9001_PCA_DE_2024_Autochem.pdf\"><img decoding=\"async\" class=\"alignnone wp-image-20877 size-full\" src=\"https:\/\/www.pcc-autochem.eu\/wp-content\/uploads\/2018\/11\/cert-autochem-de.png\" alt=\"\" width=\"280\" height=\"397\" srcset=\"https:\/\/www.pcc-autochem.eu\/wp-content\/uploads\/2018\/11\/cert-autochem-de-200x284.png 200w, https:\/\/www.pcc-autochem.eu\/wp-content\/uploads\/2018\/11\/cert-autochem-de-212x300.png 212w, https:\/\/www.pcc-autochem.eu\/wp-content\/uploads\/2018\/11\/cert-autochem-de.png 280w\" sizes=\"(max-width: 280px) 100vw, 280px\" \/><\/a><\/p>\n<\/div><div class=\"fusion-clearfix\"><\/div><\/div><\/div><div class=\"fusion-layout-column fusion_builder_column fusion-builder-column-6 fusion_builder_column_1_4 1_4 fusion-one-fourth\" style=\"--awb-bg-size:cover;width:22%; margin-right: 4%;\"><div class=\"fusion-column-wrapper fusion-flex-column-wrapper-legacy\"><div class=\"fusion-text fusion-text-5\"><p><a href=\"https:\/\/www.pcc-autochem.eu\/wp-content\/uploads\/2025\/08\/CERT_9001_PCA_DE_2024_PCC-Group.pdf\"><img decoding=\"async\" class=\"alignnone wp-image-20882 size-full\" src=\"https:\/\/www.pcc-autochem.eu\/wp-content\/uploads\/2018\/11\/cert-grupa-de.png\" alt=\"\" width=\"279\" height=\"398\" srcset=\"https:\/\/www.pcc-autochem.eu\/wp-content\/uploads\/2018\/11\/cert-grupa-de-200x285.png 200w, https:\/\/www.pcc-autochem.eu\/wp-content\/uploads\/2018\/11\/cert-grupa-de-210x300.png 210w, https:\/\/www.pcc-autochem.eu\/wp-content\/uploads\/2018\/11\/cert-grupa-de.png 279w\" sizes=\"(max-width: 279px) 100vw, 279px\" \/><\/a><\/p>\n<\/div><div class=\"fusion-clearfix\"><\/div><\/div><\/div><div class=\"fusion-layout-column fusion_builder_column fusion-builder-column-7 fusion_builder_column_1_1 1_1 fusion-one-full fusion-column-last fusion-column-no-min-height\" style=\"--awb-bg-size:cover;--awb-margin-bottom:0px;\"><div class=\"fusion-column-wrapper fusion-flex-column-wrapper-legacy\"><div class=\"fusion-clearfix\"><\/div><\/div><\/div><div class=\"fusion-layout-column fusion_builder_column fusion-builder-column-8 fusion_builder_column_1_1 1_1 fusion-one-full fusion-column-first fusion-column-last\" style=\"--awb-bg-size:cover;\"><div class=\"fusion-column-wrapper fusion-flex-column-wrapper-legacy\"><div class=\"fusion-text fusion-text-6\"><p>Das Sicherheits- und Qualit\u00e4tsbewertungssystem SQAS ist eine vom Europ\u00e4ischen Verband der chemischen Industrie CEFIC speziell f\u00fcr die Unternehmen der Logistikbranche entwickelte Norm.<\/p>\n<p>Mit SQAS wird nicht nur die Erf\u00fcllung der Anforderungen der ISO 9001 \u00fcberpr\u00fcft, sondern auch von Zertifizierungselementen, die zur ISO 14001 und anderen Systemen geh\u00f6ren. Der SQAS-Fragenkatalog umfasst s\u00e4mtliche f\u00fcr Transport- und Logistikdienstleistungen geltenden Vorschriften und Managementprinzipien.<\/p>\n<p>Nach der Untersuchung mit Hilfe des Fragenkatalogs wird ein Bericht erstellt, der f\u00fcr drei Jahre auf der Internetseite des CEFIC ver\u00f6ffentlicht wird. Au\u00dferdem wird das Unternehmen in die Liste der \u201eSQAS Assessed Companies\u201c eingetragen.<\/p>\n<\/div><div class=\"fusion-clearfix\"><\/div><\/div><\/div><div class=\"fusion-layout-column fusion_builder_column fusion-builder-column-9 fusion_builder_column_1_4 1_4 fusion-one-fourth fusion-column-first\" style=\"--awb-bg-size:cover;width:22%; margin-right: 4%;\"><div class=\"fusion-column-wrapper fusion-flex-column-wrapper-legacy\"><div class=\"fusion-text fusion-text-7\" style=\"--awb-text-transform:none;\"><p><a href=\"https:\/\/www.pcc-autochem.eu\/wp-content\/uploads\/2025\/08\/SQAS-PCC-Autochem-Tank-Cleaning-92260v2-07.06.2024-07.06.2027.pdf\"><img decoding=\"async\" class=\"alignnone wp-image-21114 size-full\" src=\"https:\/\/www.pcc-autochem.eu\/wp-content\/uploads\/2024\/06\/89842.png\" alt=\"\" width=\"227\" height=\"320\" srcset=\"https:\/\/www.pcc-autochem.eu\/wp-content\/uploads\/2024\/06\/89842-200x282.png 200w, https:\/\/www.pcc-autochem.eu\/wp-content\/uploads\/2024\/06\/89842-213x300.png 213w, https:\/\/www.pcc-autochem.eu\/wp-content\/uploads\/2024\/06\/89842.png 227w\" sizes=\"(max-width: 227px) 100vw, 227px\" \/><\/a><\/p>\n<\/div><div class=\"fusion-clearfix\"><\/div><\/div><\/div><div class=\"fusion-layout-column fusion_builder_column fusion-builder-column-10 fusion_builder_column_1_4 1_4 fusion-one-fourth\" style=\"--awb-bg-size:cover;width:22%; margin-right: 4%;\"><div class=\"fusion-column-wrapper fusion-flex-column-wrapper-legacy\"><div class=\"fusion-text fusion-text-8\" style=\"--awb-text-transform:none;\"><p><a href=\"https:\/\/www.pcc-autochem.eu\/wp-content\/uploads\/2024\/06\/SQAS-PCC-Autochem-Transport-Service-90860-21.02.2023-21.02.2026.pdf\"><img decoding=\"async\" class=\"alignnone wp-image-21113 size-full\" src=\"https:\/\/www.pcc-autochem.eu\/wp-content\/uploads\/2024\/06\/90860.png\" alt=\"\" width=\"224\" height=\"319\" srcset=\"https:\/\/www.pcc-autochem.eu\/wp-content\/uploads\/2024\/06\/90860-200x285.png 200w, https:\/\/www.pcc-autochem.eu\/wp-content\/uploads\/2024\/06\/90860-211x300.png 211w, https:\/\/www.pcc-autochem.eu\/wp-content\/uploads\/2024\/06\/90860.png 224w\" sizes=\"(max-width: 224px) 100vw, 224px\" \/><\/a><\/p>\n<\/div><div class=\"fusion-clearfix\"><\/div><\/div><\/div><\/div><\/div><\/p>\n","protected":false},"excerpt":{"rendered":"","protected":false},"author":13,"featured_media":0,"parent":20223,"menu_order":3,"comment_status":"closed","ping_status":"closed","template":"side-navigation.php","meta":{"footnotes":""},"class_list":["post-20230","page","type-page","status-publish","hentry"],"yoast_head":"<!-- This site is optimized with the Yoast SEO plugin v27.3 - https:\/\/yoast.com\/product\/yoast-seo-wordpress\/ -->\n<title>Lizenzen und Zertifikate - PCC Autochem<\/title>\n<meta name=\"robots\" content=\"index, follow, max-snippet:-1, max-image-preview:large, max-video-preview:-1\" \/>\n<link rel=\"canonical\" href=\"https:\/\/www.pcc-autochem.eu\/de\/uber-uns\/lizenzen-und-zertifikate\/\" \/>\n<meta property=\"og:locale\" content=\"de_DE\" \/>\n<meta property=\"og:type\" content=\"article\" \/>\n<meta property=\"og:title\" content=\"Lizenzen und Zertifikate - PCC Autochem\" \/>\n<meta property=\"og:url\" content=\"https:\/\/www.pcc-autochem.eu\/de\/uber-uns\/lizenzen-und-zertifikate\/\" \/>\n<meta property=\"og:site_name\" content=\"PCC Autochem\" \/>\n<meta property=\"article:modified_time\" content=\"2025-08-25T10:24:30+00:00\" \/>\n<meta property=\"og:image\" content=\"https:\/\/www.pcc-autochem.eu\/wp-content\/uploads\/2017\/01\/licencja.png\" \/>\n<meta name=\"twitter:card\" content=\"summary_large_image\" \/>\n<meta name=\"twitter:label1\" content=\"Gesch\u00e4tzte Lesezeit\" \/>\n\t<meta name=\"twitter:data1\" content=\"3\u00a0Minuten\" \/>\n<script type=\"application\/ld+json\" class=\"yoast-schema-graph\">{\"@context\":\"https:\\\/\\\/schema.org\",\"@graph\":[{\"@type\":\"WebPage\",\"@id\":\"https:\\\/\\\/www.pcc-autochem.eu\\\/de\\\/uber-uns\\\/lizenzen-und-zertifikate\\\/\",\"url\":\"https:\\\/\\\/www.pcc-autochem.eu\\\/de\\\/uber-uns\\\/lizenzen-und-zertifikate\\\/\",\"name\":\"Lizenzen und Zertifikate - PCC Autochem\",\"isPartOf\":{\"@id\":\"https:\\\/\\\/www.pcc-autochem.eu\\\/#website\"},\"primaryImageOfPage\":{\"@id\":\"https:\\\/\\\/www.pcc-autochem.eu\\\/de\\\/uber-uns\\\/lizenzen-und-zertifikate\\\/#primaryimage\"},\"image\":{\"@id\":\"https:\\\/\\\/www.pcc-autochem.eu\\\/de\\\/uber-uns\\\/lizenzen-und-zertifikate\\\/#primaryimage\"},\"thumbnailUrl\":\"https:\\\/\\\/www.pcc-autochem.eu\\\/wp-content\\\/uploads\\\/2017\\\/01\\\/licencja.png\",\"datePublished\":\"2017-01-12T11:07:25+00:00\",\"dateModified\":\"2025-08-25T10:24:30+00:00\",\"breadcrumb\":{\"@id\":\"https:\\\/\\\/www.pcc-autochem.eu\\\/de\\\/uber-uns\\\/lizenzen-und-zertifikate\\\/#breadcrumb\"},\"inLanguage\":\"de\",\"potentialAction\":[{\"@type\":\"ReadAction\",\"target\":[\"https:\\\/\\\/www.pcc-autochem.eu\\\/de\\\/uber-uns\\\/lizenzen-und-zertifikate\\\/\"]}]},{\"@type\":\"ImageObject\",\"inLanguage\":\"de\",\"@id\":\"https:\\\/\\\/www.pcc-autochem.eu\\\/de\\\/uber-uns\\\/lizenzen-und-zertifikate\\\/#primaryimage\",\"url\":\"https:\\\/\\\/www.pcc-autochem.eu\\\/wp-content\\\/uploads\\\/2017\\\/01\\\/licencja.png\",\"contentUrl\":\"https:\\\/\\\/www.pcc-autochem.eu\\\/wp-content\\\/uploads\\\/2017\\\/01\\\/licencja.png\"},{\"@type\":\"BreadcrumbList\",\"@id\":\"https:\\\/\\\/www.pcc-autochem.eu\\\/de\\\/uber-uns\\\/lizenzen-und-zertifikate\\\/#breadcrumb\",\"itemListElement\":[{\"@type\":\"ListItem\",\"position\":1,\"name\":\"Strona g\u0142\u00f3wna\",\"item\":\"https:\\\/\\\/www.pcc-autochem.eu\\\/\"},{\"@type\":\"ListItem\",\"position\":2,\"name\":\"\u00dcber uns\",\"item\":\"https:\\\/\\\/www.pcc-autochem.eu\\\/de\\\/uber-uns\\\/\"},{\"@type\":\"ListItem\",\"position\":3,\"name\":\"Lizenzen und Zertifikate\"}]},{\"@type\":\"WebSite\",\"@id\":\"https:\\\/\\\/www.pcc-autochem.eu\\\/#website\",\"url\":\"https:\\\/\\\/www.pcc-autochem.eu\\\/\",\"name\":\"PCC Autochem\",\"description\":\"Transport von Fl\u00fcssigchemikalien\",\"potentialAction\":[{\"@type\":\"SearchAction\",\"target\":{\"@type\":\"EntryPoint\",\"urlTemplate\":\"https:\\\/\\\/www.pcc-autochem.eu\\\/?s={search_term_string}\"},\"query-input\":{\"@type\":\"PropertyValueSpecification\",\"valueRequired\":true,\"valueName\":\"search_term_string\"}}],\"inLanguage\":\"de\"}]}<\/script>\n<!-- \/ Yoast SEO plugin. -->","yoast_head_json":{"title":"Lizenzen und Zertifikate - PCC Autochem","robots":{"index":"index","follow":"follow","max-snippet":"max-snippet:-1","max-image-preview":"max-image-preview:large","max-video-preview":"max-video-preview:-1"},"canonical":"https:\/\/www.pcc-autochem.eu\/de\/uber-uns\/lizenzen-und-zertifikate\/","og_locale":"de_DE","og_type":"article","og_title":"Lizenzen und Zertifikate - PCC Autochem","og_url":"https:\/\/www.pcc-autochem.eu\/de\/uber-uns\/lizenzen-und-zertifikate\/","og_site_name":"PCC Autochem","article_modified_time":"2025-08-25T10:24:30+00:00","og_image":[{"url":"https:\/\/www.pcc-autochem.eu\/wp-content\/uploads\/2017\/01\/licencja.png","type":"","width":"","height":""}],"twitter_card":"summary_large_image","twitter_misc":{"Gesch\u00e4tzte Lesezeit":"3\u00a0Minuten"},"schema":{"@context":"https:\/\/schema.org","@graph":[{"@type":"WebPage","@id":"https:\/\/www.pcc-autochem.eu\/de\/uber-uns\/lizenzen-und-zertifikate\/","url":"https:\/\/www.pcc-autochem.eu\/de\/uber-uns\/lizenzen-und-zertifikate\/","name":"Lizenzen und Zertifikate - PCC Autochem","isPartOf":{"@id":"https:\/\/www.pcc-autochem.eu\/#website"},"primaryImageOfPage":{"@id":"https:\/\/www.pcc-autochem.eu\/de\/uber-uns\/lizenzen-und-zertifikate\/#primaryimage"},"image":{"@id":"https:\/\/www.pcc-autochem.eu\/de\/uber-uns\/lizenzen-und-zertifikate\/#primaryimage"},"thumbnailUrl":"https:\/\/www.pcc-autochem.eu\/wp-content\/uploads\/2017\/01\/licencja.png","datePublished":"2017-01-12T11:07:25+00:00","dateModified":"2025-08-25T10:24:30+00:00","breadcrumb":{"@id":"https:\/\/www.pcc-autochem.eu\/de\/uber-uns\/lizenzen-und-zertifikate\/#breadcrumb"},"inLanguage":"de","potentialAction":[{"@type":"ReadAction","target":["https:\/\/www.pcc-autochem.eu\/de\/uber-uns\/lizenzen-und-zertifikate\/"]}]},{"@type":"ImageObject","inLanguage":"de","@id":"https:\/\/www.pcc-autochem.eu\/de\/uber-uns\/lizenzen-und-zertifikate\/#primaryimage","url":"https:\/\/www.pcc-autochem.eu\/wp-content\/uploads\/2017\/01\/licencja.png","contentUrl":"https:\/\/www.pcc-autochem.eu\/wp-content\/uploads\/2017\/01\/licencja.png"},{"@type":"BreadcrumbList","@id":"https:\/\/www.pcc-autochem.eu\/de\/uber-uns\/lizenzen-und-zertifikate\/#breadcrumb","itemListElement":[{"@type":"ListItem","position":1,"name":"Strona g\u0142\u00f3wna","item":"https:\/\/www.pcc-autochem.eu\/"},{"@type":"ListItem","position":2,"name":"\u00dcber uns","item":"https:\/\/www.pcc-autochem.eu\/de\/uber-uns\/"},{"@type":"ListItem","position":3,"name":"Lizenzen und Zertifikate"}]},{"@type":"WebSite","@id":"https:\/\/www.pcc-autochem.eu\/#website","url":"https:\/\/www.pcc-autochem.eu\/","name":"PCC Autochem","description":"Transport von Fl\u00fcssigchemikalien","potentialAction":[{"@type":"SearchAction","target":{"@type":"EntryPoint","urlTemplate":"https:\/\/www.pcc-autochem.eu\/?s={search_term_string}"},"query-input":{"@type":"PropertyValueSpecification","valueRequired":true,"valueName":"search_term_string"}}],"inLanguage":"de"}]}},"_links":{"self":[{"href":"https:\/\/www.pcc-autochem.eu\/de\/wp-json\/wp\/v2\/pages\/20230","targetHints":{"allow":["GET"]}}],"collection":[{"href":"https:\/\/www.pcc-autochem.eu\/de\/wp-json\/wp\/v2\/pages"}],"about":[{"href":"https:\/\/www.pcc-autochem.eu\/de\/wp-json\/wp\/v2\/types\/page"}],"author":[{"embeddable":true,"href":"https:\/\/www.pcc-autochem.eu\/de\/wp-json\/wp\/v2\/users\/13"}],"replies":[{"embeddable":true,"href":"https:\/\/www.pcc-autochem.eu\/de\/wp-json\/wp\/v2\/comments?post=20230"}],"version-history":[{"count":9,"href":"https:\/\/www.pcc-autochem.eu\/de\/wp-json\/wp\/v2\/pages\/20230\/revisions"}],"predecessor-version":[{"id":22922,"href":"https:\/\/www.pcc-autochem.eu\/de\/wp-json\/wp\/v2\/pages\/20230\/revisions\/22922"}],"up":[{"embeddable":true,"href":"https:\/\/www.pcc-autochem.eu\/de\/wp-json\/wp\/v2\/pages\/20223"}],"wp:attachment":[{"href":"https:\/\/www.pcc-autochem.eu\/de\/wp-json\/wp\/v2\/media?parent=20230"}],"curies":[{"name":"wp","href":"https:\/\/api.w.org\/{rel}","templated":true}]}}