{"id":20223,"date":"2017-01-12T12:06:30","date_gmt":"2017-01-12T11:06:30","guid":{"rendered":"http:\/\/pcc-autochem.eu\/?page_id=20223\/"},"modified":"2025-08-25T11:34:53","modified_gmt":"2025-08-25T10:34:53","slug":"uber-uns","status":"publish","type":"page","link":"https:\/\/www.pcc-autochem.eu\/de\/uber-uns\/","title":{"rendered":"\u00dcber uns"},"content":{"rendered":"<div class=\"fusion-fullwidth fullwidth-box fusion-builder-row-1 hundred-percent-fullwidth non-hundred-percent-height-scrolling\" style=\"--awb-border-radius-top-left:0px;--awb-border-radius-top-right:0px;--awb-border-radius-bottom-right:0px;--awb-border-radius-bottom-left:0px;--awb-overflow:visible;--awb-flex-wrap:wrap;\" ><div class=\"fusion-builder-row fusion-row\"><div class=\"fusion-layout-column fusion_builder_column fusion-builder-column-0 fusion_builder_column_1_1 1_1 fusion-one-full fusion-column-first fusion-column-last fusion-column-no-min-height\" style=\"--awb-bg-size:cover;--awb-margin-bottom:0px;\"><div class=\"fusion-column-wrapper fusion-flex-column-wrapper-legacy\"><div class=\"fusion-image-element in-legacy-container\" style=\"--awb-bottom-shadow-color:rgba(0,0,0,0.4);--awb-caption-title-font-family:var(--h2_typography-font-family);--awb-caption-title-font-weight:var(--h2_typography-font-weight);--awb-caption-title-font-style:var(--h2_typography-font-style);--awb-caption-title-size:var(--h2_typography-font-size);--awb-caption-title-transform:var(--h2_typography-text-transform);--awb-caption-title-line-height:var(--h2_typography-line-height);--awb-caption-title-letter-spacing:var(--h2_typography-letter-spacing);\"><div class=\"awb-image-frame awb-image-frame-1 awb-bottomshadow\"><span class=\" fusion-imageframe imageframe-bottomshadow imageframe-1 hover-type-none\"><img decoding=\"async\" width=\"821\" height=\"171\" title=\"theme-photo-truck\" src=\"https:\/\/www.pcc-autochem.eu\/wp-content\/uploads\/2017\/03\/theme-photo-truck.jpg\" alt class=\"img-responsive wp-image-21434\"\/><\/span><svg xmlns=\"http:\/\/www.w3.org\/2000\/svg\" version=\"1.1\" width=\"100%\" viewBox=\"0 0 600 28\" preserveAspectRatio=\"none\"><g clip-path=\"url(#a)\"><mask id=\"b\" style=\"mask-type:luminance\" maskUnits=\"userSpaceOnUse\" x=\"0\" y=\"0\" width=\"600\" height=\"28\"><path d=\"M0 0h600v28H0V0Z\" fill=\"#fff\"\/><\/mask><g filter=\"url(#c)\" mask=\"url(#b)\"><path d=\"M16.439-18.667h567.123v30.8S438.961-8.4 300-8.4C161.04-8.4 16.438 12.133 16.438 12.133v-30.8Z\" fill=\"#000\"\/><\/g><\/g><defs><clipPath id=\"a\"><path fill=\"#fff\" d=\"M0 0h600v28H0z\"\/><\/clipPath><filter id=\"c\" x=\"5.438\" y=\"-29.667\" width=\"589.123\" height=\"52.8\" filterUnits=\"userSpaceOnUse\" color-interpolation-filters=\"sRGB\"><feFlood flood-opacity=\"0\" result=\"BackgroundImageFix\"\/><feBlend in=\"SourceGraphic\" in2=\"BackgroundImageFix\" result=\"shape\"\/><feGaussianBlur stdDeviation=\"5.5\" result=\"effect1_foregroundBlur_3983_183\"\/><\/filter><\/defs><\/svg><\/div><\/div><div class=\"fusion-sep-clear\"><\/div><div class=\"fusion-separator fusion-full-width-sep\" style=\"margin-left: auto;margin-right: auto;margin-top:15px;margin-bottom:15px;width:100%;\"><\/div><div class=\"fusion-sep-clear\"><\/div><div class=\"fusion-clearfix\"><\/div><\/div><\/div><div class=\"fusion-layout-column fusion_builder_column fusion-builder-column-1 fusion_builder_column_1_1 1_1 fusion-one-full fusion-column-first fusion-column-last fusion-column-no-min-height\" style=\"--awb-bg-size:cover;--awb-margin-bottom:0px;\"><div class=\"fusion-column-wrapper fusion-flex-column-wrapper-legacy\"><div class=\"fusion-title title fusion-title-1 fusion-sep-none fusion-title-text fusion-title-size-two\" style=\"--awb-margin-top-small:0px;--awb-margin-right-small:0px;--awb-margin-bottom-small:20px;--awb-margin-left-small:0px;\"><h2 class=\"fusion-title-heading title-heading-left fusion-responsive-typography-calculated\" style=\"margin:0;--fontSize:64;line-height:1.25;\"><span class=\"breadcrumb-leaf\">\u00dcber<\/span> uns<\/h2><\/div><div class=\"fusion-text fusion-text-1\"><h4><span style=\"color: #ff6600;\">Unternehmensportr\u00e4t<br \/><\/span><\/h4>\n<\/div><div class=\"fusion-text fusion-text-2\"><p>Bereits seit mehr als 20 Jahren arbeitet die PCC Autochem Sp. z o.o. eigenst\u00e4ndig und hat sich als Marke und Spezialdienstleister am einem Markt etabliert, der nicht einfach ist: dem Transport von Fl\u00fcssigchemikalien. Unsere ersten Schritte reichen jedoch noch viel weiter in die Vergangenheit zur\u00fcck, denn urspr\u00fcnglich ging unser Unternehmen aus dem Kraftverkehrsbetrieb der noch jungen \u201eRokita\u201c-Chemiewerke in Brzeg Dolny hervor.<\/p>\n<p>Als eigenst\u00e4ndiges Unternehmen wurde PCC Autochem 1995 ausgegr\u00fcndet (damals unter dem Namen Autochem-Rokita) und ist seither als Transportdienstleister auf dem anspruchsvollen Transportmarkt f\u00fcr Fl\u00fcssigchemikalien t\u00e4tig.<\/p>\n<p>Im Juni 2004 wurden Name und Logo des Unternehmens in PCC Autochem Sp. z o.o. ge\u00e4ndert. In demselben Jahr begann auch ein erstes, auf f\u00fcnf Jahre angelegtes Modernisierungsprogramm f\u00fcr den Chemikalien-Fuhrpark des Unternehmens.<\/p>\n<p>Der Transport von Chemikalien ist untrennbar mit der Notwendigkeit verbunden, Tankwagen in speziellen Waschanlagen, die die erforderlichen Reinigungszertifikate ausstellen, gr\u00fcndlich zu reinigen und zu desinfizieren. Daher nahm PCC Autochem Anfang 2006 eine eigene Waschanlage f\u00fcr Tankwagen, Tankcontainer und IBC-Beh\u00e4lter in Brzeg Dolny in Betrieb. Dabei handelt es sich um eine der modernsten in Polen und die einzige in Niederschlesien, die das ECD-Dokument ausstellen kann.<\/p>\n<p>2007 schloss sich unser Unternehmen dem Polnischen Tankwagen-Waschanlagenverband (Polskie Stowarzyszenie Myjni Cystern) an, der sich die Verankerung europ\u00e4ischer Normen in den Arbeitsstandards, eine Steigerung der Servicequalit\u00e4t und die Verbesserung von Sicherheit und Umweltschutz zum Ziel gesetzt hat.<\/p>\n<p>2014 fiel aufgrund der steigenden Nachfrage nach Waschleistungen und zur vollst\u00e4ndigen Befriedigung der Kundenerwartungen die Entscheidung, die Waschanlage auszubauen. Im November desselben Jahres startete PCC Autochem die Umsetzung eines Kombiverkehrsprojekts.<\/p>\n<p>In den vergangenen mehr als 20 Jahren haben wir einen gewaltigen Entwicklungsschritt geschafft und uns von einem f\u00fcr lokale Kunden t\u00e4tigen Dienstleister in ein internationales Unternehmen der Transport-, Speditions- und Logistikbranche verwandelt, zu dessen Kunden die gr\u00f6\u00dften Hersteller chemischer und petrochemischer Produkte in Europa geh\u00f6ren. Dank unserer soliden Grundlagen und umfangreichen Erfahrung finden wir immer neue Entwicklungswege und Antworten auf die sich wandelnden Anforderungen des Marktes.<\/p>\n<\/div><div class=\"fusion-sep-clear\"><\/div><div class=\"fusion-separator fusion-full-width-sep\" style=\"margin-left: auto;margin-right: auto;margin-top:10px;margin-bottom:10px;width:100%;\"><\/div><div class=\"fusion-sep-clear\"><\/div><div class=\"accordian fusion-accordian\" style=\"--awb-border-size:1px;--awb-icon-size:13px;--awb-content-font-size:16px;--awb-icon-alignment:left;--awb-hover-color:#f9f9f9;--awb-border-color:#cccccc;--awb-background-color:#ffffff;--awb-divider-color:#e0dede;--awb-divider-hover-color:#e0dede;--awb-icon-color:#ffffff;--awb-title-color:#1e73be;--awb-content-color:#747474;--awb-icon-box-color:#666666;--awb-toggle-hover-accent-color:#ff6600;--awb-title-font-family:&quot;Open Sans&quot;;--awb-title-font-weight:600;--awb-title-font-style:normal;--awb-title-font-size:14px;--awb-content-font-family:&quot;PT Sans&quot;;--awb-content-font-style:normal;--awb-content-font-weight:400;\"><div class=\"panel-group fusion-toggle-icon-boxed\" id=\"accordion-20223-1\"><div class=\"fusion-panel panel-default panel-e52c0dd239e2b58ce fusion-toggle-has-divider\"><div class=\"panel-heading\"><h4 class=\"panel-title toggle\" id=\"toggle_e52c0dd239e2b58ce\"><a aria-expanded=\"false\" aria-controls=\"e52c0dd239e2b58ce\" role=\"button\" data-toggle=\"collapse\" data-parent=\"#accordion-20223-1\" data-target=\"#e52c0dd239e2b58ce\" href=\"#e52c0dd239e2b58ce\"><span class=\"fusion-toggle-icon-wrapper\" aria-hidden=\"true\"><i class=\"fa-fusion-box active-icon awb-icon-minus\" aria-hidden=\"true\"><\/i><i class=\"fa-fusion-box inactive-icon awb-icon-plus\" aria-hidden=\"true\"><\/i><\/span><span class=\"fusion-toggle-heading\">Allgemeine Kauf- und Bestellbedingungen<\/span><\/a><\/h4><\/div><div id=\"e52c0dd239e2b58ce\" class=\"panel-collapse collapse \" aria-labelledby=\"toggle_e52c0dd239e2b58ce\"><div class=\"panel-body toggle-content fusion-clearfix\"><ul style=\"--awb-size:13px;--awb-line-height:22.1px;--awb-icon-width:22.1px;--awb-icon-height:22.1px;--awb-icon-margin:9.1px;--awb-content-margin:31.2px;--awb-circlecolor:#ff6600;--awb-circle-yes-font-size:11.44px;\" class=\"fusion-checklist fusion-checklist-1 fusion-checklist-default type-icons\"><li class=\"fusion-li-item\" style=\"\"><span class=\"icon-wrapper circle-yes\"><i class=\"fusion-li-icon fa fa-file-pdf-o\" aria-hidden=\"true\"><\/i><\/span><div class=\"fusion-li-item-content\">\n<p><a href=\"https:\/\/files.pcc.pl\/owz\/en\" target=\"_blank\" rel=\"noopener\">General Terms and Conditions of Purchases and Orders<\/a><\/p>\n<\/div><\/li><\/ul><\/div><\/div><\/div><div class=\"fusion-panel panel-default panel-8aa11c03c2fd325de fusion-toggle-has-divider\"><div class=\"panel-heading\"><h4 class=\"panel-title toggle\" id=\"toggle_8aa11c03c2fd325de\"><a aria-expanded=\"false\" aria-controls=\"8aa11c03c2fd325de\" role=\"button\" data-toggle=\"collapse\" data-parent=\"#accordion-20223-1\" data-target=\"#8aa11c03c2fd325de\" href=\"#8aa11c03c2fd325de\"><span class=\"fusion-toggle-icon-wrapper\" aria-hidden=\"true\"><i class=\"fa-fusion-box active-icon awb-icon-minus\" aria-hidden=\"true\"><\/i><i class=\"fa-fusion-box inactive-icon awb-icon-plus\" aria-hidden=\"true\"><\/i><\/span><span class=\"fusion-toggle-heading\">Qualit\u00e4tspolitik<\/span><\/a><\/h4><\/div><div id=\"8aa11c03c2fd325de\" class=\"panel-collapse collapse \" aria-labelledby=\"toggle_8aa11c03c2fd325de\"><div class=\"panel-body toggle-content fusion-clearfix\">Die Dienstleistungen der PCC Autochem Sp. z o.o. unterliegen sowohl einer internen Qualit\u00e4tskontrolle als auch der Kontrolle durch unabh\u00e4ngige Zertifizierungsstellen:<\/p>\n<ul style=\"--awb-size:13px;--awb-line-height:22.1px;--awb-icon-width:22.1px;--awb-icon-height:22.1px;--awb-icon-margin:9.1px;--awb-content-margin:31.2px;--awb-circlecolor:#ff6600;--awb-circle-yes-font-size:11.44px;\" class=\"fusion-checklist fusion-checklist-2 fusion-checklist-default type-icons\"><li class=\"fusion-li-item\" style=\"\"><span class=\"icon-wrapper circle-yes\"><i class=\"fusion-li-icon fa fa-file-pdf-o\" aria-hidden=\"true\"><\/i><\/span><div class=\"fusion-li-item-content\">\n<p><a href=\"\/wp-content\/uploads\/2018\/11\/Polityka-Jako\u015bci-PCC-Autochem-2018-DE.pdf\">QUALIT\u00c4TSPOLITIK<\/a><\/p>\n<\/div><\/li><\/ul><\/div><\/div><\/div><div class=\"fusion-panel panel-default panel-dd57a6ba86f84b395 fusion-toggle-has-divider\"><div class=\"panel-heading\"><h4 class=\"panel-title toggle\" id=\"toggle_dd57a6ba86f84b395\"><a aria-expanded=\"false\" aria-controls=\"dd57a6ba86f84b395\" role=\"button\" data-toggle=\"collapse\" data-parent=\"#accordion-20223-1\" data-target=\"#dd57a6ba86f84b395\" href=\"#dd57a6ba86f84b395\"><span class=\"fusion-toggle-icon-wrapper\" aria-hidden=\"true\"><i class=\"fa-fusion-box active-icon awb-icon-minus\" aria-hidden=\"true\"><\/i><i class=\"fa-fusion-box inactive-icon awb-icon-plus\" aria-hidden=\"true\"><\/i><\/span><span class=\"fusion-toggle-heading\">Arbeitsschutzpolitik<\/span><\/a><\/h4><\/div><div id=\"dd57a6ba86f84b395\" class=\"panel-collapse collapse \" aria-labelledby=\"toggle_dd57a6ba86f84b395\"><div class=\"panel-body toggle-content fusion-clearfix\">\n<ul style=\"--awb-size:13px;--awb-line-height:22.1px;--awb-icon-width:22.1px;--awb-icon-height:22.1px;--awb-icon-margin:9.1px;--awb-content-margin:31.2px;--awb-circlecolor:#ff6600;--awb-circle-yes-font-size:11.44px;\" class=\"fusion-checklist fusion-checklist-3 fusion-checklist-default type-icons\"><li class=\"fusion-li-item\" style=\"\"><span class=\"icon-wrapper circle-yes\"><i class=\"fusion-li-icon fa fa-file-pdf-o\" aria-hidden=\"true\"><\/i><\/span><div class=\"fusion-li-item-content\">\n<p><a href=\"https:\/\/www.pcc-autochem.eu\/wp-content\/uploads\/2021\/05\/PCC-Autochem-Polityka-BHP_09.2019_DE.pdf\">Arbeitsschutzpolitik<\/a><\/div><\/li><\/ul>\n<\/div><\/div><\/div><div class=\"fusion-panel panel-default panel-a60e614330466901f fusion-toggle-has-divider\"><div class=\"panel-heading\"><h4 class=\"panel-title toggle\" id=\"toggle_a60e614330466901f\"><a aria-expanded=\"false\" aria-controls=\"a60e614330466901f\" role=\"button\" data-toggle=\"collapse\" data-parent=\"#accordion-20223-1\" data-target=\"#a60e614330466901f\" href=\"#a60e614330466901f\"><span class=\"fusion-toggle-icon-wrapper\" aria-hidden=\"true\"><i class=\"fa-fusion-box active-icon awb-icon-minus\" aria-hidden=\"true\"><\/i><i class=\"fa-fusion-box inactive-icon awb-icon-plus\" aria-hidden=\"true\"><\/i><\/span><span class=\"fusion-toggle-heading\">Verhaltensregeln (EN)<\/span><\/a><\/h4><\/div><div id=\"a60e614330466901f\" class=\"panel-collapse collapse \" aria-labelledby=\"toggle_a60e614330466901f\"><div class=\"panel-body toggle-content fusion-clearfix\"><ul style=\"--awb-size:13px;--awb-line-height:22.1px;--awb-icon-width:22.1px;--awb-icon-height:22.1px;--awb-icon-margin:9.1px;--awb-content-margin:31.2px;--awb-circlecolor:#ff6600;--awb-circle-yes-font-size:11.44px;\" class=\"fusion-checklist fusion-checklist-4 fusion-checklist-default type-icons\"><li class=\"fusion-li-item\" style=\"\"><span class=\"icon-wrapper circle-yes\"><i class=\"fusion-li-icon fa fa-file-pdf-o\" aria-hidden=\"true\"><\/i><\/span><div class=\"fusion-li-item-content\">\n<p><a href=\"\/wp-content\/uploads\/2018\/11\/Kodeks-Postepowania_EN.pdf\">Code of conduct<\/a><\/p>\n<\/div><\/li><\/ul><\/div><\/div><\/div><div class=\"fusion-panel panel-default panel-ca860b843828feefc fusion-toggle-has-divider\"><div class=\"panel-heading\"><h4 class=\"panel-title toggle\" id=\"toggle_ca860b843828feefc\"><a aria-expanded=\"false\" aria-controls=\"ca860b843828feefc\" role=\"button\" data-toggle=\"collapse\" data-parent=\"#accordion-20223-1\" data-target=\"#ca860b843828feefc\" href=\"#ca860b843828feefc\"><span class=\"fusion-toggle-icon-wrapper\" aria-hidden=\"true\"><i class=\"fa-fusion-box active-icon awb-icon-minus\" aria-hidden=\"true\"><\/i><i class=\"fa-fusion-box inactive-icon awb-icon-plus\" aria-hidden=\"true\"><\/i><\/span><span class=\"fusion-toggle-heading\">Sustainable purchasing policy (EN)<\/span><\/a><\/h4><\/div><div id=\"ca860b843828feefc\" class=\"panel-collapse collapse \" aria-labelledby=\"toggle_ca860b843828feefc\"><div class=\"panel-body toggle-content fusion-clearfix\">\n<ul style=\"--awb-size:13px;--awb-line-height:22.1px;--awb-icon-width:22.1px;--awb-icon-height:22.1px;--awb-icon-margin:9.1px;--awb-content-margin:31.2px;--awb-circlecolor:#ff6600;--awb-circle-yes-font-size:11.44px;\" class=\"fusion-checklist fusion-checklist-5 fusion-checklist-default type-icons\"><li class=\"fusion-li-item\" style=\"\"><span class=\"icon-wrapper circle-yes\"><i class=\"fusion-li-icon fa fa-file-pdf-o\" aria-hidden=\"true\"><\/i><\/span><div class=\"fusion-li-item-content\">\n<p><a href=\"https:\/\/www.pcc-autochem.eu\/wp-content\/uploads\/2021\/05\/Polityka_Zrownowazonych-Zakupow_-Autochem-2021-EN.pdf\">Sustainable purchasing policy<\/a><\/p>\n<\/div><\/li><\/ul>\n<\/div><\/div><\/div><\/div><\/div><div class=\"fusion-clearfix\"><\/div><\/div><\/div><\/div><\/div>\n","protected":false},"excerpt":{"rendered":"","protected":false},"author":13,"featured_media":0,"parent":0,"menu_order":1,"comment_status":"closed","ping_status":"closed","template":"side-navigation.php","meta":{"footnotes":""},"class_list":["post-20223","page","type-page","status-publish","hentry"],"yoast_head":"<!-- This site is optimized with the Yoast SEO plugin v27.3 - https:\/\/yoast.com\/product\/yoast-seo-wordpress\/ -->\n<title>\u00dcber uns - PCC Autochem<\/title>\n<meta name=\"robots\" content=\"index, follow, max-snippet:-1, max-image-preview:large, max-video-preview:-1\" \/>\n<link rel=\"canonical\" href=\"https:\/\/www.pcc-autochem.eu\/de\/uber-uns\/\" \/>\n<meta property=\"og:locale\" content=\"de_DE\" \/>\n<meta property=\"og:type\" content=\"article\" \/>\n<meta property=\"og:title\" content=\"\u00dcber uns - PCC Autochem\" \/>\n<meta property=\"og:url\" content=\"https:\/\/www.pcc-autochem.eu\/de\/uber-uns\/\" \/>\n<meta property=\"og:site_name\" content=\"PCC Autochem\" \/>\n<meta property=\"article:modified_time\" content=\"2025-08-25T10:34:53+00:00\" \/>\n<meta property=\"og:image\" content=\"https:\/\/www.pcc-autochem.eu\/wp-content\/uploads\/2021\/03\/autochem.jpg\" \/>\n\t<meta property=\"og:image:width\" content=\"1200\" \/>\n\t<meta property=\"og:image:height\" content=\"630\" \/>\n\t<meta property=\"og:image:type\" content=\"image\/jpeg\" \/>\n<meta name=\"twitter:card\" content=\"summary_large_image\" \/>\n<meta name=\"twitter:label1\" content=\"Gesch\u00e4tzte Lesezeit\" \/>\n\t<meta name=\"twitter:data1\" content=\"3\u00a0Minuten\" \/>\n<script type=\"application\/ld+json\" class=\"yoast-schema-graph\">{\"@context\":\"https:\\\/\\\/schema.org\",\"@graph\":[{\"@type\":\"WebPage\",\"@id\":\"https:\\\/\\\/www.pcc-autochem.eu\\\/de\\\/uber-uns\\\/\",\"url\":\"https:\\\/\\\/www.pcc-autochem.eu\\\/de\\\/uber-uns\\\/\",\"name\":\"\u00dcber uns - PCC Autochem\",\"isPartOf\":{\"@id\":\"https:\\\/\\\/www.pcc-autochem.eu\\\/#website\"},\"datePublished\":\"2017-01-12T11:06:30+00:00\",\"dateModified\":\"2025-08-25T10:34:53+00:00\",\"breadcrumb\":{\"@id\":\"https:\\\/\\\/www.pcc-autochem.eu\\\/de\\\/uber-uns\\\/#breadcrumb\"},\"inLanguage\":\"de\",\"potentialAction\":[{\"@type\":\"ReadAction\",\"target\":[\"https:\\\/\\\/www.pcc-autochem.eu\\\/de\\\/uber-uns\\\/\"]}]},{\"@type\":\"BreadcrumbList\",\"@id\":\"https:\\\/\\\/www.pcc-autochem.eu\\\/de\\\/uber-uns\\\/#breadcrumb\",\"itemListElement\":[{\"@type\":\"ListItem\",\"position\":1,\"name\":\"Strona g\u0142\u00f3wna\",\"item\":\"https:\\\/\\\/www.pcc-autochem.eu\\\/\"},{\"@type\":\"ListItem\",\"position\":2,\"name\":\"\u00dcber uns\"}]},{\"@type\":\"WebSite\",\"@id\":\"https:\\\/\\\/www.pcc-autochem.eu\\\/#website\",\"url\":\"https:\\\/\\\/www.pcc-autochem.eu\\\/\",\"name\":\"PCC Autochem\",\"description\":\"Transport von Fl\u00fcssigchemikalien\",\"potentialAction\":[{\"@type\":\"SearchAction\",\"target\":{\"@type\":\"EntryPoint\",\"urlTemplate\":\"https:\\\/\\\/www.pcc-autochem.eu\\\/?s={search_term_string}\"},\"query-input\":{\"@type\":\"PropertyValueSpecification\",\"valueRequired\":true,\"valueName\":\"search_term_string\"}}],\"inLanguage\":\"de\"}]}<\/script>\n<!-- \/ Yoast SEO plugin. -->","yoast_head_json":{"title":"\u00dcber uns - PCC Autochem","robots":{"index":"index","follow":"follow","max-snippet":"max-snippet:-1","max-image-preview":"max-image-preview:large","max-video-preview":"max-video-preview:-1"},"canonical":"https:\/\/www.pcc-autochem.eu\/de\/uber-uns\/","og_locale":"de_DE","og_type":"article","og_title":"\u00dcber uns - PCC Autochem","og_url":"https:\/\/www.pcc-autochem.eu\/de\/uber-uns\/","og_site_name":"PCC Autochem","article_modified_time":"2025-08-25T10:34:53+00:00","og_image":[{"width":1200,"height":630,"url":"https:\/\/www.pcc-autochem.eu\/wp-content\/uploads\/2021\/03\/autochem.jpg","type":"image\/jpeg"}],"twitter_card":"summary_large_image","twitter_misc":{"Gesch\u00e4tzte Lesezeit":"3\u00a0Minuten"},"schema":{"@context":"https:\/\/schema.org","@graph":[{"@type":"WebPage","@id":"https:\/\/www.pcc-autochem.eu\/de\/uber-uns\/","url":"https:\/\/www.pcc-autochem.eu\/de\/uber-uns\/","name":"\u00dcber uns - PCC Autochem","isPartOf":{"@id":"https:\/\/www.pcc-autochem.eu\/#website"},"datePublished":"2017-01-12T11:06:30+00:00","dateModified":"2025-08-25T10:34:53+00:00","breadcrumb":{"@id":"https:\/\/www.pcc-autochem.eu\/de\/uber-uns\/#breadcrumb"},"inLanguage":"de","potentialAction":[{"@type":"ReadAction","target":["https:\/\/www.pcc-autochem.eu\/de\/uber-uns\/"]}]},{"@type":"BreadcrumbList","@id":"https:\/\/www.pcc-autochem.eu\/de\/uber-uns\/#breadcrumb","itemListElement":[{"@type":"ListItem","position":1,"name":"Strona g\u0142\u00f3wna","item":"https:\/\/www.pcc-autochem.eu\/"},{"@type":"ListItem","position":2,"name":"\u00dcber uns"}]},{"@type":"WebSite","@id":"https:\/\/www.pcc-autochem.eu\/#website","url":"https:\/\/www.pcc-autochem.eu\/","name":"PCC Autochem","description":"Transport von Fl\u00fcssigchemikalien","potentialAction":[{"@type":"SearchAction","target":{"@type":"EntryPoint","urlTemplate":"https:\/\/www.pcc-autochem.eu\/?s={search_term_string}"},"query-input":{"@type":"PropertyValueSpecification","valueRequired":true,"valueName":"search_term_string"}}],"inLanguage":"de"}]}},"_links":{"self":[{"href":"https:\/\/www.pcc-autochem.eu\/de\/wp-json\/wp\/v2\/pages\/20223","targetHints":{"allow":["GET"]}}],"collection":[{"href":"https:\/\/www.pcc-autochem.eu\/de\/wp-json\/wp\/v2\/pages"}],"about":[{"href":"https:\/\/www.pcc-autochem.eu\/de\/wp-json\/wp\/v2\/types\/page"}],"author":[{"embeddable":true,"href":"https:\/\/www.pcc-autochem.eu\/de\/wp-json\/wp\/v2\/users\/13"}],"replies":[{"embeddable":true,"href":"https:\/\/www.pcc-autochem.eu\/de\/wp-json\/wp\/v2\/comments?post=20223"}],"version-history":[{"count":11,"href":"https:\/\/www.pcc-autochem.eu\/de\/wp-json\/wp\/v2\/pages\/20223\/revisions"}],"predecessor-version":[{"id":22926,"href":"https:\/\/www.pcc-autochem.eu\/de\/wp-json\/wp\/v2\/pages\/20223\/revisions\/22926"}],"wp:attachment":[{"href":"https:\/\/www.pcc-autochem.eu\/de\/wp-json\/wp\/v2\/media?parent=20223"}],"curies":[{"name":"wp","href":"https:\/\/api.w.org\/{rel}","templated":true}]}}